{"id":2416,"date":"2024-05-06T16:22:47","date_gmt":"2024-05-06T15:22:47","guid":{"rendered":"http:\/\/france-isolation.com\/?page_id=2416"},"modified":"2024-05-10T16:03:11","modified_gmt":"2024-05-10T15:03:11","slug":"sablage-2","status":"publish","type":"page","link":"https:\/\/france-isolation.com\/?page_id=2416","title":{"rendered":"Autres Activit\u00e9s"},"content":{"rendered":"<div id=\"pl-2416\"  class=\"panel-layout\" ><div id=\"pg-2416-0\"  class=\"panel-grid panel-no-style\" ><div id=\"pgc-2416-0-0\"  class=\"panel-grid-cell\" ><div id=\"panel-2416-0-0-0\" class=\"so-panel widget widget_black-studio-tinymce widget_black_studio_tinymce panel-first-child panel-last-child\" data-index=\"0\" ><h3 class=\"widget-title\">Sablage<\/h3><div class=\"textwidget\"><p>Nous exploitons une usine moderne et de l\u2019 \u00e9quipement qui nous permet de garder une qualit\u00e9 et une fiabilit\u00e9 primordiale. Tous nos op\u00e9rateurs sont certifi\u00e9s afin qu\u2019ils puissent utiliser l\u2019\u00e9quipement d\u2019acc\u00e8s hydraulique et tenir les normes actuelles. En outre, notre \u00e9quipe est tr\u00e8s exp\u00e9riment\u00e9 dans toutes les techniques de nettoyage, qu\u2019il s\u2019agisse de sablage , nettoyage de ch\u00eane ou\u00a0\u00e9limination des graffitis.<\/p>\n<p>\u00a0Depuis que nous avons commenc\u00e9 dans le secteur du d\u00e9capage , il y a plus de 20 ans, nous avons rencontr\u00e9 tous les sc\u00e9narios possibles en ce qui concerne le sablage , le lavage sous pression et le nettoyage , que ce soit le nettoyage sensible de la pierre fragile ou le grenaillage puissant des charpentes m\u00e9talliques fortement rouill\u00e9e.<\/p>\n<p>\u00a0Bien que nous avons les connaissances et l\u2019exp\u00e9rience n\u00e9cessaire pour mener \u00e0 bien n\u2019importe quel projet de nettoyage, nous nous sp\u00e9cialisons \u00e9galement dans les projets sensibles par exemple. Les b\u00e2timents o\u00f9 nous enlevons la peinture d\u2019anciennes poutres en ch\u00eane, brique et pierre . Nous appr\u00e9cions ce type de projet et choisissons de se sp\u00e9cialiser dans ce domaine pour que les r\u00e9sultats finaux soient particuli\u00e8rement enrichissantes.<\/p>\n<div>\u00a0Les structures de ch\u00eanes constituent \u00e9galement une grande partie de notre travail, o\u00f9 nous sommes employ\u00e9s par la plupart des entreprises pour nettoyer la structure \u00e9rig\u00e9e et enlever toutes les marques d\u2019usinage , les traces d\u2019eau et les marques afin d\u2019y laisser comme une couleur uniforme et propre.<\/div>\n<div>\u00a0<\/div>\n<div>Nous utilisons diff\u00e9rents types de grenaillage et utiliserons toutes les m\u00e9thodes n\u00e9cessaires pour obtenir les meilleurs r\u00e9sultats et nous sommes heureux d\u2019offrir aux clients des r\u00e9f\u00e9rences de travaux similaires sur demande .<\/div>\n<p>\u00a0<\/p>\n<\/div><\/div><\/div><div id=\"pgc-2416-0-1\"  class=\"panel-grid-cell\" ><div id=\"panel-2416-0-1-0\" class=\"so-panel widget widget_black-studio-tinymce widget_black_studio_tinymce panel-first-child panel-last-child\" data-index=\"1\" ><div class=\"textwidget\"><p><img loading=\"lazy\" decoding=\"async\" class=\"alignnone size-large wp-image-2434\" src=\"http:\/\/france-isolation.com\/wp-content\/uploads\/2015\/06\/sablages-services-768x432.jpeg\" alt=\"a6e45b14f288d287087791a648769429_large\" width=\"1024\" height=\"576\" srcset=\"https:\/\/france-isolation.com\/wp-content\/uploads\/2015\/06\/sablages-services-768x432.jpeg 768w, https:\/\/france-isolation.com\/wp-content\/uploads\/2015\/06\/sablages-services-300x169.jpeg 300w, https:\/\/france-isolation.com\/wp-content\/uploads\/2015\/06\/sablages-services-1024x576.jpeg 1024w, https:\/\/france-isolation.com\/wp-content\/uploads\/2015\/06\/sablages-services-555x312.jpeg 555w, https:\/\/france-isolation.com\/wp-content\/uploads\/2015\/06\/sablages-services-600x338.jpeg 600w, https:\/\/france-isolation.com\/wp-content\/uploads\/2015\/06\/sablages-services.jpeg 1920w\" sizes=\"auto, (max-width: 1024px) 100vw, 1024px\" \/><\/p>\n<\/div><\/div><\/div><\/div><div id=\"pg-2416-1\"  class=\"panel-grid panel-no-style\" ><div id=\"pgc-2416-1-0\"  class=\"panel-grid-cell panel-grid-cell-mobile-last\" ><div id=\"panel-2416-1-0-0\" class=\"so-panel widget widget_black-studio-tinymce widget_black_studio_tinymce panel-first-child panel-last-child\" data-index=\"2\" ><h3 class=\"widget-title\">Autres Activit\u00e9s<\/h3><div class=\"textwidget\"><p>Fourniture et pose de joints de dilatation coupe feu,<\/p>\n<p>Projection de mousse de polyur\u00e9thane,<\/p>\n<p>Enduits de finition sur flocage existant,<\/p>\n<p>Remise en coformot\u00e9 de flocage,<\/p>\n<p>Fourniture et pose et de panneaux isolants FibraX,<\/p>\n<p>Remise en conformit\u00e9,<\/p>\n<p>Nous consulter...<\/p>\n<\/div><\/div><\/div><div id=\"pgc-2416-1-1\"  class=\"panel-grid-cell panel-grid-cell-empty\" ><\/div><\/div><\/div>","protected":false},"excerpt":{"rendered":"<p>Nous exploitons une usine moderne et de l\u2019 \u00e9quipement qui nous permet de garder une qualit\u00e9 et une fiabilit\u00e9 primordiale. Tous nos op\u00e9rateurs sont certifi\u00e9s afin qu\u2019ils puissent utiliser l\u2019\u00e9quipement d\u2019acc\u00e8s hydraulique et tenir les normes actuelles. En outre, notre \u00e9quipe est tr\u00e8s exp\u00e9riment\u00e9 dans toutes les techniques de nettoyage, qu\u2019il s\u2019agisse de sablage , &hellip;<\/p>\n","protected":false},"author":1,"featured_media":0,"parent":2157,"menu_order":0,"comment_status":"closed","ping_status":"closed","template":"","meta":{"footnotes":""},"class_list":["post-2416","page","type-page","status-publish","hentry"],"_links":{"self":[{"href":"https:\/\/france-isolation.com\/index.php?rest_route=\/wp\/v2\/pages\/2416","targetHints":{"allow":["GET"]}}],"collection":[{"href":"https:\/\/france-isolation.com\/index.php?rest_route=\/wp\/v2\/pages"}],"about":[{"href":"https:\/\/france-isolation.com\/index.php?rest_route=\/wp\/v2\/types\/page"}],"author":[{"embeddable":true,"href":"https:\/\/france-isolation.com\/index.php?rest_route=\/wp\/v2\/users\/1"}],"replies":[{"embeddable":true,"href":"https:\/\/france-isolation.com\/index.php?rest_route=%2Fwp%2Fv2%2Fcomments&post=2416"}],"version-history":[{"count":10,"href":"https:\/\/france-isolation.com\/index.php?rest_route=\/wp\/v2\/pages\/2416\/revisions"}],"predecessor-version":[{"id":3153,"href":"https:\/\/france-isolation.com\/index.php?rest_route=\/wp\/v2\/pages\/2416\/revisions\/3153"}],"up":[{"embeddable":true,"href":"https:\/\/france-isolation.com\/index.php?rest_route=\/wp\/v2\/pages\/2157"}],"wp:attachment":[{"href":"https:\/\/france-isolation.com\/index.php?rest_route=%2Fwp%2Fv2%2Fmedia&parent=2416"}],"curies":[{"name":"wp","href":"https:\/\/api.w.org\/{rel}","templated":true}]}}