{"id":2404,"date":"2024-05-05T15:59:49","date_gmt":"2024-05-05T14:59:49","guid":{"rendered":"http:\/\/france-isolation.com\/?page_id=2404"},"modified":"2024-05-05T19:21:08","modified_gmt":"2024-05-05T18:21:08","slug":"isolation-soufflage","status":"publish","type":"page","link":"https:\/\/france-isolation.com\/?page_id=2404","title":{"rendered":"Soufflage"},"content":{"rendered":"<div id=\"pl-2404\"  class=\"panel-layout\" ><div id=\"pg-2404-0\"  class=\"panel-grid panel-no-style\" ><div id=\"pgc-2404-0-0\"  class=\"panel-grid-cell\" ><div id=\"panel-2404-0-0-0\" class=\"so-panel widget widget_black-studio-tinymce widget_black_studio_tinymce panel-first-child panel-last-child\" data-index=\"0\" ><div class=\"textwidget\"><p>Les combles perdus sont l\u2019espace sous votre toit non utilis\u00e9s. Le soufflage est une technique servant \u00e0 l\u2019isolation des combles perdus et \u00e0 am\u00e9nager des maisons individuelles. Ce proc\u00e9d\u00e9 n\u00e9cessite la pr\u00e9sence de deux personnes. En effet, une personne doit se positionner \u00e0 la machine pour alimenter en isolant et la deuxi\u00e8me personne doit \u00eatre dans les combles pour mettre en place ce dernier. L\u2019isolant est projet\u00e9 sur l\u2019ensemble du plancher des combles et jusque dans les recoins les plus difficiles d\u2019acc\u00e8s, contrairement \u00e0 une isolation r\u00e9alis\u00e9e \u00e0 la main. Cette technique repose sur l\u2019\u00e9pandage d\u2019isolation dans les combles par soufflage et consiste \u00e0 injecter l\u2019isolant entre deux parois de l\u2019isolant.<\/p>\n<p>Les avantages du soufflage sont une mise en oeuvre rapide, une intervention par l\u2019ext\u00e9rieur pour l\u2019isolation des toitures, la suppression des ponts thermiques, une homog\u00e9n\u00e9it\u00e9 de l\u2019isolant, le traitement phonique est efficace et elle poss\u00e8de un faible co\u00fbt de r\u00e9alisation par rapport aux techniques plus traditionnelles.<\/p>\n<\/div><\/div><\/div><div id=\"pgc-2404-0-1\"  class=\"panel-grid-cell\" ><div id=\"panel-2404-0-1-0\" class=\"so-panel widget widget_sow-slider panel-first-child panel-last-child\" data-index=\"1\" ><div\n\t\t\t\n\t\t\tclass=\"so-widget-sow-slider so-widget-sow-slider-default-6d39609536fd-2404\"\n\t\t\t\n\t\t>\t\t\t\t<div class=\"sow-slider-base\" style=\"display: none\" tabindex=\"0\">\n\t\t\t\t\t<ul\n\t\t\t\t\tclass=\"sow-slider-images\"\n\t\t\t\t\tdata-settings=\"{&quot;pagination&quot;:true,&quot;speed&quot;:800,&quot;timeout&quot;:8000,&quot;paused&quot;:false,&quot;pause_on_hover&quot;:false,&quot;swipe&quot;:true,&quot;nav_always_show_desktop&quot;:&quot;&quot;,&quot;nav_always_show_mobile&quot;:&quot;&quot;,&quot;breakpoint&quot;:&quot;780px&quot;,&quot;unmute&quot;:false,&quot;anchor&quot;:null}\"\n\t\t\t\t\t\t\t\t\t\tdata-anchor-id=\"\"\n\t\t\t\t>\t\t<li class=\"sow-slider-image\" style=\"visibility: visible;\" >\n\t\t\t\t\t\t<img loading=\"lazy\" decoding=\"async\" width=\"1200\" height=\"800\" src=\"https:\/\/france-isolation.com\/wp-content\/uploads\/2015\/06\/soufflage-laine-comble.jpg\" class=\"sow-slider-background-image\" alt=\"soufflage de laine dans les combles pour isolation\" style=\"\" srcset=\"https:\/\/france-isolation.com\/wp-content\/uploads\/2015\/06\/soufflage-laine-comble.jpg 1200w, https:\/\/france-isolation.com\/wp-content\/uploads\/2015\/06\/soufflage-laine-comble-300x200.jpg 300w, https:\/\/france-isolation.com\/wp-content\/uploads\/2015\/06\/soufflage-laine-comble-768x512.jpg 768w, https:\/\/france-isolation.com\/wp-content\/uploads\/2015\/06\/soufflage-laine-comble-1024x683.jpg 1024w, https:\/\/france-isolation.com\/wp-content\/uploads\/2015\/06\/soufflage-laine-comble-360x240.jpg 360w, https:\/\/france-isolation.com\/wp-content\/uploads\/2015\/06\/soufflage-laine-comble-555x370.jpg 555w, https:\/\/france-isolation.com\/wp-content\/uploads\/2015\/06\/soufflage-laine-comble-600x400.jpg 600w, https:\/\/france-isolation.com\/wp-content\/uploads\/2015\/06\/soufflage-laine-comble-272x182.jpg 272w\" sizes=\"auto, (max-width: 1200px) 100vw, 1200px\" \/>\t\t<\/li>\n\t\t\t\t<li class=\"sow-slider-image\" style=\"visibility: hidden;\" >\n\t\t\t\t\t\t<img loading=\"lazy\" decoding=\"async\" width=\"4320\" height=\"3240\" src=\"https:\/\/france-isolation.com\/wp-content\/uploads\/2015\/06\/isolation-de-comble-perdu.jpg\" class=\"sow-slider-background-image\" alt=\"isolation de comble perdu\" style=\"\" srcset=\"https:\/\/france-isolation.com\/wp-content\/uploads\/2015\/06\/isolation-de-comble-perdu.jpg 4320w, https:\/\/france-isolation.com\/wp-content\/uploads\/2015\/06\/isolation-de-comble-perdu-300x225.jpg 300w, https:\/\/france-isolation.com\/wp-content\/uploads\/2015\/06\/isolation-de-comble-perdu-768x576.jpg 768w, https:\/\/france-isolation.com\/wp-content\/uploads\/2015\/06\/isolation-de-comble-perdu-1024x768.jpg 1024w, https:\/\/france-isolation.com\/wp-content\/uploads\/2015\/06\/isolation-de-comble-perdu-555x416.jpg 555w, https:\/\/france-isolation.com\/wp-content\/uploads\/2015\/06\/isolation-de-comble-perdu-100x75.jpg 100w, https:\/\/france-isolation.com\/wp-content\/uploads\/2015\/06\/isolation-de-comble-perdu-600x450.jpg 600w\" sizes=\"auto, (max-width: 4320px) 100vw, 4320px\" \/>\t\t<\/li>\n\t\t<\/ul>\t\t\t\t<ol class=\"sow-slider-pagination\">\n\t\t\t\t\t\t\t\t\t\t\t<li><a href=\"#\" data-goto=\"0\" aria-label=\"Display slide 1\"><\/a><\/li>\n\t\t\t\t\t\t\t\t\t\t\t<li><a href=\"#\" data-goto=\"1\" aria-label=\"Display slide 2\"><\/a><\/li>\n\t\t\t\t\t\t\t\t\t<\/ol>\n\n\t\t\t\t<div class=\"sow-slide-nav sow-slide-nav-next\">\n\t\t\t\t\t<a href=\"#\" data-goto=\"next\" aria-label=\"Next slide\" data-action=\"next\">\n\t\t\t\t\t\t<em class=\"sow-sld-icon-thin-right\"><\/em>\n\t\t\t\t\t<\/a>\n\t\t\t\t<\/div>\n\n\t\t\t\t<div class=\"sow-slide-nav sow-slide-nav-prev\">\n\t\t\t\t\t<a href=\"#\" data-goto=\"previous\" aria-label=\"Previous slide\" data-action=\"prev\">\n\t\t\t\t\t\t<em class=\"sow-sld-icon-thin-left\"><\/em>\n\t\t\t\t\t<\/a>\n\t\t\t\t<\/div>\n\t\t\t\t<\/div><\/div><\/div><\/div><\/div><div id=\"pg-2404-1\"  class=\"panel-grid panel-no-style\" ><div id=\"pgc-2404-1-0\"  class=\"panel-grid-cell panel-grid-cell-mobile-last\" ><div id=\"panel-2404-1-0-0\" class=\"so-panel widget widget_black-studio-tinymce widget_black_studio_tinymce panel-first-child panel-last-child\" data-index=\"2\" ><h3 class=\"widget-title\">Laine de Verre\/ Laine de Roche ou Ouate de Cellulose<\/h3><div class=\"textwidget\"><p>Le soufflage dans les combles perdus de laine de verre, laine de roche ou ouate de cellulose produisent des performances thermiques et acoustiques \u00e9lev\u00e9s. Cette technique du permet \u00e9galement d'\u00e9viter les ponts thermiques car l'isolant enrobe parfaitement les surfaces \u00e0 traiter.<\/p>\n<\/div><\/div><\/div><div id=\"pgc-2404-1-1\"  class=\"panel-grid-cell panel-grid-cell-empty\" ><\/div><\/div><div id=\"pg-2404-2\"  class=\"panel-grid panel-no-style\" ><div id=\"pgc-2404-2-0\"  class=\"panel-grid-cell\" ><div id=\"panel-2404-2-0-0\" class=\"so-panel widget widget_black-studio-tinymce widget_black_studio_tinymce panel-first-child panel-last-child\" data-index=\"3\" ><h3 class=\"widget-title\">Domaines d&rsquo;application<\/h3><div class=\"textwidget\"><p>Combles perdus<\/p>\n<p>Parois et cavit\u00e9s creuses<\/p>\n<p>Planchers non isol\u00e9s<\/p>\n<p>Le soufflage est un gage de rapidit\u00e9, d'\u00e9conomie et d'efficacit\u00e9.<\/p>\n<\/div><\/div><\/div><\/div><\/div>","protected":false},"excerpt":{"rendered":"<p>Les combles perdus sont l\u2019espace sous votre toit non utilis\u00e9s. Le soufflage est une technique servant \u00e0 l\u2019isolation des combles perdus et \u00e0 am\u00e9nager des maisons individuelles. Ce proc\u00e9d\u00e9 n\u00e9cessite la pr\u00e9sence de deux personnes. En effet, une personne doit se positionner \u00e0 la machine pour alimenter en isolant et la deuxi\u00e8me personne doit \u00eatre &hellip;<\/p>\n","protected":false},"author":1,"featured_media":0,"parent":2157,"menu_order":0,"comment_status":"closed","ping_status":"closed","template":"","meta":{"footnotes":""},"class_list":["post-2404","page","type-page","status-publish","hentry"],"_links":{"self":[{"href":"https:\/\/france-isolation.com\/index.php?rest_route=\/wp\/v2\/pages\/2404","targetHints":{"allow":["GET"]}}],"collection":[{"href":"https:\/\/france-isolation.com\/index.php?rest_route=\/wp\/v2\/pages"}],"about":[{"href":"https:\/\/france-isolation.com\/index.php?rest_route=\/wp\/v2\/types\/page"}],"author":[{"embeddable":true,"href":"https:\/\/france-isolation.com\/index.php?rest_route=\/wp\/v2\/users\/1"}],"replies":[{"embeddable":true,"href":"https:\/\/france-isolation.com\/index.php?rest_route=%2Fwp%2Fv2%2Fcomments&post=2404"}],"version-history":[{"count":12,"href":"https:\/\/france-isolation.com\/index.php?rest_route=\/wp\/v2\/pages\/2404\/revisions"}],"predecessor-version":[{"id":3190,"href":"https:\/\/france-isolation.com\/index.php?rest_route=\/wp\/v2\/pages\/2404\/revisions\/3190"}],"up":[{"embeddable":true,"href":"https:\/\/france-isolation.com\/index.php?rest_route=\/wp\/v2\/pages\/2157"}],"wp:attachment":[{"href":"https:\/\/france-isolation.com\/index.php?rest_route=%2Fwp%2Fv2%2Fmedia&parent=2404"}],"curies":[{"name":"wp","href":"https:\/\/api.w.org\/{rel}","templated":true}]}}