{"id":2383,"date":"2024-05-02T14:02:53","date_gmt":"2024-05-02T13:02:53","guid":{"rendered":"http:\/\/france-isolation.com\/?page_id=2383"},"modified":"2024-05-05T18:15:30","modified_gmt":"2024-05-05T17:15:30","slug":"chemins-cables-coupe-feu","status":"publish","type":"page","link":"https:\/\/france-isolation.com\/?page_id=2383","title":{"rendered":"Chemins Cables Coupe Feu"},"content":{"rendered":"<div id=\"pl-2383\"  class=\"panel-layout\" ><div id=\"pg-2383-0\"  class=\"panel-grid panel-no-style\" ><div id=\"pgc-2383-0-0\"  class=\"panel-grid-cell\" ><div id=\"panel-2383-0-0-0\" class=\"so-panel widget widget_black-studio-tinymce widget_black_studio_tinymce panel-first-child panel-last-child\" data-index=\"0\" ><div class=\"textwidget\"><p>La protection dite passive contre l'incendie regroupe l'ensemble des techniques et moyens mat\u00e9riels mis en \u0153uvre pour limiter les effets d'un incendie, une fois ce dernier d\u00e9clar\u00e9.<\/p>\n<p>la lutte contre l\u2019incendie a plusieurs\u00a0objectifs\u00a0comme\u00a0<wbr \/>\u00e9vacuer dans les d\u00e9lais les plus brefs toutes les personnes expos\u00e9es au risque,\u00a0favoriser l\u2019acc\u00e8s des moyens d\u2019intervention contre l\u2019incendie,\u00a0ralentir la propagation des feux,\u00a0\u00e9teindre l\u2019incendie ou encore\u00a0s\u00e9curiser la zone incendi\u00e9e.<\/p>\n<p>la\u00a0protection passive contre l\u2019incendie dans le but de d'apporter une protection coupe feu sur les cables, chemins cables etc est syst\u00e9matiquement obligatoire lorsque ces \u00e9l\u00e9ments traversent des zones dites \"\u00e0 risques\" .<\/p>\n<p>Nos solutions pour prot\u00e9ger contre le feu ces \u00e9l\u00e9ments sont principalement la pose de chemin cables coupe feu ou l'encoffrement coupe feu par confection de gaine type promat ou \u00e9quivalant.<\/p>\n<p>La principale sp\u00e9cificit\u00e9 de la protection passive est que d\u00e8s le d\u00e9but d\u2019un incendie, elle fonctionne sans aucune intervention humaine ni aucun apport ext\u00e9rieur d\u2019\u00e9nergie.\u00a0Il s'agit d'une protection durable, l\u2019efficacit\u00e9 de la plupart des produits utilis\u00e9s dans la protection passive n\u2019\u00e9tant pas limit\u00e9e dans le temps.<\/p>\n<\/div><\/div><\/div><div id=\"pgc-2383-0-1\"  class=\"panel-grid-cell\" ><div id=\"panel-2383-0-1-0\" class=\"so-panel widget widget_black-studio-tinymce widget_black_studio_tinymce panel-first-child panel-last-child\" data-index=\"1\" ><div class=\"textwidget\"><p><img loading=\"lazy\" decoding=\"async\" class=\"alignnone size-full wp-image-2405\" src=\"http:\/\/france-isolation.com\/wp-content\/uploads\/2015\/06\/encoffrement-coupe-feu-cable.png\" alt=\"Capture-d\u2019\u00e9cran-2015-06-22-\u00e0-16.28.35\" width=\"1000\" height=\"989\" srcset=\"https:\/\/france-isolation.com\/wp-content\/uploads\/2015\/06\/encoffrement-coupe-feu-cable.png 1000w, https:\/\/france-isolation.com\/wp-content\/uploads\/2015\/06\/encoffrement-coupe-feu-cable-300x297.png 300w, https:\/\/france-isolation.com\/wp-content\/uploads\/2015\/06\/encoffrement-coupe-feu-cable-768x760.png 768w, https:\/\/france-isolation.com\/wp-content\/uploads\/2015\/06\/encoffrement-coupe-feu-cable-555x549.png 555w, https:\/\/france-isolation.com\/wp-content\/uploads\/2015\/06\/encoffrement-coupe-feu-cable-600x593.png 600w, https:\/\/france-isolation.com\/wp-content\/uploads\/2015\/06\/encoffrement-coupe-feu-cable-100x100.png 100w\" sizes=\"auto, (max-width: 1000px) 100vw, 1000px\" \/><\/p>\n<\/div><\/div><\/div><\/div><div id=\"pg-2383-1\"  class=\"panel-grid panel-no-style\" ><div id=\"pgc-2383-1-0\"  class=\"panel-grid-cell\" ><div id=\"panel-2383-1-0-0\" class=\"so-panel widget widget_black-studio-tinymce widget_black_studio_tinymce panel-first-child panel-last-child\" data-index=\"2\" ><h3 class=\"widget-title\">Chemins Cables Coupe Feu <\/h3><div class=\"textwidget\"><p>Afin d' \u00e9viter la propagation du feu via les c\u00e2bles traversant les murs, et, \u00e9galement pour prot\u00e9ger contre le feu vos chemin cables, sans n\u00e9cessiter l'utilisation de mat\u00e9riau ignifuge.Les produits et syst\u00e8mes que nous utilisons sont principalement des encoffrement, qui vous permettrons d'obtenir une protection coupe feu jusqu'\u00e0 4 heures. <\/p>\n<\/div><\/div><\/div><\/div><div id=\"pg-2383-2\"  class=\"panel-grid panel-no-style\" ><div id=\"pgc-2383-2-0\"  class=\"panel-grid-cell\" ><div id=\"panel-2383-2-0-0\" class=\"so-panel widget widget_black-studio-tinymce widget_black_studio_tinymce panel-first-child panel-last-child\" data-index=\"3\" ><h3 class=\"widget-title\">Domaines d&rsquo;application<\/h3><div class=\"textwidget\"><p>Gaine et chemin c\u00e2ble de tous types, fix\u00e9 sur :<\/p>\n<ul>\n<li>Structures porteuses en acier, stabilit\u00e9 au feu sur charpente m\u00e9tallique<\/li>\n<li>Planchers b\u00e9tons et hourdis, flocage coupe feu de 1\/2h \u00e0 6 heures<\/li>\n<li>Planchers bois, protection coupe feu par flocage d\u2019isolant incendie permettant une protection coupe feu \u00bd heure \u00e0 3 heures<\/li>\n<li>Planchers mixtes avec pl\u00e2tres, lattis-bois etc, flocage coupe feu jusqu\u2019\u00e0 3 heures<\/li>\n<li>Bac acier collaborant, projection d\u2019enduits ou laine par flocage coupe feu jusqu\u00e0 3 heures<\/li>\n<li>Bardages m\u00e9tallique (aciers mixte en m\u00e9tal), coupe feu 2 heures et 3 Heures<\/li>\n<li>Sous toiture, coupe feu et pare flamme jusqu\u2019\u00e0 3 heures<\/li>\n<li>Planchers en brique rouge (c\u00e9ramique)<\/li>\n<\/ul>\n<\/div><\/div><\/div><\/div><\/div>","protected":false},"excerpt":{"rendered":"<p>La protection dite passive contre l&rsquo;incendie regroupe l&rsquo;ensemble des techniques et moyens mat\u00e9riels mis en \u0153uvre pour limiter les effets d&rsquo;un incendie, une fois ce dernier d\u00e9clar\u00e9.la lutte contre l\u2019incendie a plusieurs\u00a0objectifs\u00a0comme\u00a0\u00e9vacuer dans les d\u00e9lais les plus brefs toutes les personnes expos\u00e9es au risque,\u00a0favoriser l\u2019acc\u00e8s des moyens d\u2019intervention contre l\u2019incendie,\u00a0ralentir la propagation des feux,\u00a0\u00e9teindre l\u2019incendie &hellip;<\/p>\n","protected":false},"author":1,"featured_media":0,"parent":2157,"menu_order":0,"comment_status":"closed","ping_status":"closed","template":"","meta":{"footnotes":""},"class_list":["post-2383","page","type-page","status-publish","hentry"],"_links":{"self":[{"href":"https:\/\/france-isolation.com\/index.php?rest_route=\/wp\/v2\/pages\/2383","targetHints":{"allow":["GET"]}}],"collection":[{"href":"https:\/\/france-isolation.com\/index.php?rest_route=\/wp\/v2\/pages"}],"about":[{"href":"https:\/\/france-isolation.com\/index.php?rest_route=\/wp\/v2\/types\/page"}],"author":[{"embeddable":true,"href":"https:\/\/france-isolation.com\/index.php?rest_route=\/wp\/v2\/users\/1"}],"replies":[{"embeddable":true,"href":"https:\/\/france-isolation.com\/index.php?rest_route=%2Fwp%2Fv2%2Fcomments&post=2383"}],"version-history":[{"count":13,"href":"https:\/\/france-isolation.com\/index.php?rest_route=\/wp\/v2\/pages\/2383\/revisions"}],"predecessor-version":[{"id":3177,"href":"https:\/\/france-isolation.com\/index.php?rest_route=\/wp\/v2\/pages\/2383\/revisions\/3177"}],"up":[{"embeddable":true,"href":"https:\/\/france-isolation.com\/index.php?rest_route=\/wp\/v2\/pages\/2157"}],"wp:attachment":[{"href":"https:\/\/france-isolation.com\/index.php?rest_route=%2Fwp%2Fv2%2Fmedia&parent=2383"}],"curies":[{"name":"wp","href":"https:\/\/api.w.org\/{rel}","templated":true}]}}