{"id":2356,"date":"2024-05-05T13:12:05","date_gmt":"2024-05-05T12:12:05","guid":{"rendered":"http:\/\/france-isolation.com\/?page_id=2356"},"modified":"2024-05-05T19:11:43","modified_gmt":"2024-05-05T18:11:43","slug":"flocage-anti-condensation","status":"publish","type":"page","link":"https:\/\/france-isolation.com\/?page_id=2356","title":{"rendered":"Flocage Anti-Condensation"},"content":{"rendered":"<div id=\"pl-2356\"  class=\"panel-layout\" ><div id=\"pg-2356-0\"  class=\"panel-grid panel-no-style\" ><div id=\"pgc-2356-0-0\"  class=\"panel-grid-cell\" ><div id=\"panel-2356-0-0-0\" class=\"so-panel widget widget_black-studio-tinymce widget_black_studio_tinymce panel-first-child panel-last-child\" data-index=\"0\" ><div class=\"textwidget\"><p>La condensation est le nom donn\u00e9 au ph\u00e9nom\u00e8ne physique de changement d'\u00e9tat de la mati\u00e8re d'un \u00e9tat gazeux \u00e0 un \u00e9tat condens\u00e9 (solide ou liquide).<\/p>\n<p>Souvent des signes d'humidit\u00e9 apparaissent sur certains murs caus\u00e9s par des condensations.<\/p>\n<p>Le ph\u00e9nom\u00e8ne s'est amplifi\u00e9 avec l'\u00e9l\u00e9vation du co\u00fbt du chauffage qui conduit d'une part \u00e0 l'installation de vitrages isolants, de ventilations inappropri\u00e9es, bouch\u00e9es ou inexistantes et parfois de chauffage d'appoint sans \u00e9vacuation (po\u00eales \u00e0 gaz ou \u00e0 p\u00e9trole sans odeur, notamment) qui sont de gros producteurs de vapeur d'eau.\u00a0\u00c0 chaque baisse de temp\u00e9rature dans le logement, l'exc\u00e8s d'eau dans l'air se d\u00e9pose toujours aux endroits les plus froids, cr\u00e9ant ainsi une zone favorable aux d\u00e9veloppement des moisissures.\u00a0Pour r\u00e9gler ce probl\u00e8me il faut chauffer (pour augmenter la capacit\u00e9 en eau de l'air), isoler (pour augmenter la temp\u00e9rature des points froids) et ventiler (pour \u00e9vacuer l'air humide) l'habitation.<\/p>\n<p>On remarque que les moisissures apparaissent le plus souvent dans les angles de mur et \u00e0 la jonction plancher\/mur. Ce ph\u00e9nom\u00e8ne est d\u00fb aux ponts thermiques. Un pont thermique est une zone ponctuelle ou lin\u00e9aire qui, dans l\u2019enveloppe d\u2019un b\u00e2timent, pr\u00e9sente une variation de r\u00e9sistance thermique. Il s\u2019agit d\u2019un point de la construction o\u00f9 la barri\u00e8re isolante est rompue. \u00c0 cause de cette rupture de l\u2019isolant, la temp\u00e9rature \u00e0 la surface du plancher est tr\u00e8s inf\u00e9rieure \u00e0 celle de l\u2019air ambiant. C\u2019est cette diff\u00e9rence de temp\u00e9rature qui cr\u00e9e de la condensation et des moisissures. Pour rem\u00e9dier \u00e0 ce probl\u00e8me, la solution est la mise en \u0153uvre de rupteurs de pont thermique. Le rupteur de pont thermique est un dispositif structurel permettant d\u2019offrir une compl\u00e8te isolation \u00e0 une structure. Il est compos\u00e9 d\u2019un boitier isolant et de barres en acier qui reprennent les sollicitations de la structure. Il permet de garder une temp\u00e9rature de surface de plancher assez \u00e9lev\u00e9e et \u00e9vite ainsi le ph\u00e9nom\u00e8ne de condensation et de moisissures.<\/p>\n<\/div><\/div><\/div><div id=\"pgc-2356-0-1\"  class=\"panel-grid-cell\" ><div id=\"panel-2356-0-1-0\" class=\"so-panel widget widget_sow-slider panel-first-child panel-last-child\" data-index=\"1\" ><div\n\t\t\t\n\t\t\tclass=\"so-widget-sow-slider so-widget-sow-slider-default-6d39609536fd-2356\"\n\t\t\t\n\t\t>\t\t\t\t<div class=\"sow-slider-base\" style=\"display: none\" tabindex=\"0\">\n\t\t\t\t\t<ul\n\t\t\t\t\tclass=\"sow-slider-images\"\n\t\t\t\t\tdata-settings=\"{&quot;pagination&quot;:true,&quot;speed&quot;:800,&quot;timeout&quot;:8000,&quot;paused&quot;:false,&quot;pause_on_hover&quot;:false,&quot;swipe&quot;:true,&quot;nav_always_show_desktop&quot;:&quot;&quot;,&quot;nav_always_show_mobile&quot;:&quot;&quot;,&quot;breakpoint&quot;:&quot;780px&quot;,&quot;unmute&quot;:false,&quot;anchor&quot;:null}\"\n\t\t\t\t\t\t\t\t\t\tdata-anchor-id=\"\"\n\t\t\t\t>\t\t<li class=\"sow-slider-image\" style=\"visibility: visible;\" >\n\t\t\t\t\t\t<img loading=\"lazy\" decoding=\"async\" width=\"555\" height=\"416\" src=\"https:\/\/france-isolation.com\/wp-content\/uploads\/2014\/10\/Traitement-coupe-feu-sous-bac-acier.jpg\" class=\"sow-slider-background-image\" alt=\"Traitement coupe feu sous bac acier collaborant et poutre charpente m\u00e9tallique par flocage\" style=\"\" srcset=\"https:\/\/france-isolation.com\/wp-content\/uploads\/2014\/10\/Traitement-coupe-feu-sous-bac-acier.jpg 555w, https:\/\/france-isolation.com\/wp-content\/uploads\/2014\/10\/Traitement-coupe-feu-sous-bac-acier-300x225.jpg 300w, https:\/\/france-isolation.com\/wp-content\/uploads\/2014\/10\/Traitement-coupe-feu-sous-bac-acier-100x75.jpg 100w\" sizes=\"auto, (max-width: 555px) 100vw, 555px\" \/>\t\t<\/li>\n\t\t\t\t<li class=\"sow-slider-image\" style=\"visibility: hidden;\" >\n\t\t\t\t\t\t<img loading=\"lazy\" decoding=\"async\" width=\"555\" height=\"416\" src=\"https:\/\/france-isolation.com\/wp-content\/uploads\/2015\/06\/flocagecoupefeu-plafond-platre.jpg\" class=\"sow-slider-background-image\" alt=\"coupe feu sous plafond en platre\" style=\"\" srcset=\"https:\/\/france-isolation.com\/wp-content\/uploads\/2015\/06\/flocagecoupefeu-plafond-platre.jpg 555w, https:\/\/france-isolation.com\/wp-content\/uploads\/2015\/06\/flocagecoupefeu-plafond-platre-300x225.jpg 300w, https:\/\/france-isolation.com\/wp-content\/uploads\/2015\/06\/flocagecoupefeu-plafond-platre-100x75.jpg 100w\" sizes=\"auto, (max-width: 555px) 100vw, 555px\" \/>\t\t<\/li>\n\t\t<\/ul>\t\t\t\t<ol class=\"sow-slider-pagination\">\n\t\t\t\t\t\t\t\t\t\t\t<li><a href=\"#\" data-goto=\"0\" aria-label=\"Display slide 1\"><\/a><\/li>\n\t\t\t\t\t\t\t\t\t\t\t<li><a href=\"#\" data-goto=\"1\" aria-label=\"Display slide 2\"><\/a><\/li>\n\t\t\t\t\t\t\t\t\t<\/ol>\n\n\t\t\t\t<div class=\"sow-slide-nav sow-slide-nav-next\">\n\t\t\t\t\t<a href=\"#\" data-goto=\"next\" aria-label=\"Next slide\" data-action=\"next\">\n\t\t\t\t\t\t<em class=\"sow-sld-icon-thin-right\"><\/em>\n\t\t\t\t\t<\/a>\n\t\t\t\t<\/div>\n\n\t\t\t\t<div class=\"sow-slide-nav sow-slide-nav-prev\">\n\t\t\t\t\t<a href=\"#\" data-goto=\"previous\" aria-label=\"Previous slide\" data-action=\"prev\">\n\t\t\t\t\t\t<em class=\"sow-sld-icon-thin-left\"><\/em>\n\t\t\t\t\t<\/a>\n\t\t\t\t<\/div>\n\t\t\t\t<\/div><\/div><\/div><\/div><\/div><div id=\"pg-2356-1\"  class=\"panel-grid panel-no-style\" ><div id=\"pgc-2356-1-0\"  class=\"panel-grid-cell\" ><div id=\"panel-2356-1-0-0\" class=\"so-panel widget widget_black-studio-tinymce widget_black_studio_tinymce panel-first-child panel-last-child\" data-index=\"2\" ><h3 class=\"widget-title\">Flocage Fibreux<\/h3><div class=\"textwidget\"><p>Le Flocage fibreux des produits \u00e0 base de laine de laitier se r\u00e9alise par projection pneumatique. Nous effectuons pr\u00e9alablement \u00e0 la projection de laine une pr\u00e9paration des supports consistant \u00e0 nettoyer, d\u00e9graisser et d\u00e9poussi\u00e9rer les supports. Ensuite \u00e0 l\u2019aide d\u2019une pompe ou d\u2019un rouleau \u00e0 colle, nous appliquons le primaire d\u2019accroche qui assurera la bonne tenue du flocage anti condensation. Une fois projet\u00e9, le flocage sera \u00e9cras\u00e9 de diff\u00e9rentes mani\u00e8res suivant les types de supports. Sa couleur finale est dans les tons gris souris clairs.<\/p>\n<\/div><\/div><\/div><\/div><div id=\"pg-2356-2\"  class=\"panel-grid panel-no-style\" ><div id=\"pgc-2356-2-0\"  class=\"panel-grid-cell\" ><div id=\"panel-2356-2-0-0\" class=\"so-panel widget widget_black-studio-tinymce widget_black_studio_tinymce panel-first-child panel-last-child\" data-index=\"3\" ><h3 class=\"widget-title\">Domaines d&rsquo;Application<\/h3><div class=\"textwidget\"><p>Structures porteuses en acier, stabilit\u00e9 au feu sur charpente m\u00e9tallique<\/p>\n<p>Planchers b\u00e9tons et hourdis, flocage coupe feu de 1\/2h \u00e0 6 heures<\/p>\n<p>Planchers bois, protection coupe feu par flocage d\u2019isolant incendie permettant une protection coupe feu \u00bd heure \u00e0 3 heures<\/p>\n<p>Planchers mixtes avec pl\u00e2tres, lattis-bois etc, flocage coupe feu jusqu\u2019\u00e0 3 heures<\/p>\n<p>Bac acier collaborant, projection d\u2019enduits ou laine par flocage coupe feu jusqu\u00e0 3 heures<\/p>\n<p>Bardages m\u00e9tallique (aciers mixte en m\u00e9tal), coupe feu 2 heures et 3 Heures<\/p>\n<p>Sous toiture, coupe feu et pare flamme jusqu\u2019\u00e0 3 heures<\/p>\n<p>Planchers en brique rouge (c\u00e9ramique)<\/p>\n<\/div><\/div><\/div><\/div><\/div>","protected":false},"excerpt":{"rendered":"<p>La condensation est le nom donn\u00e9 au ph\u00e9nom\u00e8ne physique de changement d&rsquo;\u00e9tat de la mati\u00e8re d&rsquo;un \u00e9tat gazeux \u00e0 un \u00e9tat condens\u00e9 (solide ou liquide).Souvent des signes d&rsquo;humidit\u00e9 apparaissent sur certains murs caus\u00e9s par des condensations.Le ph\u00e9nom\u00e8ne s&rsquo;est amplifi\u00e9 avec l&rsquo;\u00e9l\u00e9vation du co\u00fbt du chauffage qui conduit d&rsquo;une part \u00e0 l&rsquo;installation de vitrages isolants, de &hellip;<\/p>\n","protected":false},"author":1,"featured_media":0,"parent":2157,"menu_order":0,"comment_status":"closed","ping_status":"closed","template":"","meta":{"footnotes":""},"class_list":["post-2356","page","type-page","status-publish","hentry"],"_links":{"self":[{"href":"https:\/\/france-isolation.com\/index.php?rest_route=\/wp\/v2\/pages\/2356","targetHints":{"allow":["GET"]}}],"collection":[{"href":"https:\/\/france-isolation.com\/index.php?rest_route=\/wp\/v2\/pages"}],"about":[{"href":"https:\/\/france-isolation.com\/index.php?rest_route=\/wp\/v2\/types\/page"}],"author":[{"embeddable":true,"href":"https:\/\/france-isolation.com\/index.php?rest_route=\/wp\/v2\/users\/1"}],"replies":[{"embeddable":true,"href":"https:\/\/france-isolation.com\/index.php?rest_route=%2Fwp%2Fv2%2Fcomments&post=2356"}],"version-history":[{"count":22,"href":"https:\/\/france-isolation.com\/index.php?rest_route=\/wp\/v2\/pages\/2356\/revisions"}],"predecessor-version":[{"id":3181,"href":"https:\/\/france-isolation.com\/index.php?rest_route=\/wp\/v2\/pages\/2356\/revisions\/3181"}],"up":[{"embeddable":true,"href":"https:\/\/france-isolation.com\/index.php?rest_route=\/wp\/v2\/pages\/2157"}],"wp:attachment":[{"href":"https:\/\/france-isolation.com\/index.php?rest_route=%2Fwp%2Fv2%2Fmedia&parent=2356"}],"curies":[{"name":"wp","href":"https:\/\/api.w.org\/{rel}","templated":true}]}}