{"id":2340,"date":"2024-05-05T00:26:10","date_gmt":"2024-05-04T23:26:10","guid":{"rendered":"http:\/\/france-isolation.com\/?page_id=2340"},"modified":"2024-05-05T18:18:29","modified_gmt":"2024-05-05T17:18:29","slug":"flocage-acoustique","status":"publish","type":"page","link":"https:\/\/france-isolation.com\/?page_id=2340","title":{"rendered":"Flocage Acoustique"},"content":{"rendered":"<div id=\"pl-2340\"  class=\"panel-layout\" ><div id=\"pg-2340-0\"  class=\"panel-grid panel-no-style\" ><div id=\"pgc-2340-0-0\"  class=\"panel-grid-cell\" ><div id=\"panel-2340-0-0-0\" class=\"so-panel widget widget_black-studio-tinymce widget_black_studio_tinymce panel-first-child panel-last-child\" data-index=\"0\" ><div class=\"textwidget\"><p>L'isolation phonique, ou isolation acoustique, vise \u00e0 \u00e9viter la propagation du bruit.<\/p>\n<p>Dans un milieu compressible, le plus souvent dans l\u2019air, le son se propage sous forme d'une variation de pression cr\u00e9\u00e9e par la source sonore. Seule la compression se d\u00e9place et non les mol\u00e9cules d\u2019air, si ce n\u2019est de quelques microm\u00e8tres. Le son se propage \u00e9galement dans les solides sous forme de vibrations des atomes appel\u00e9es phonons. L\u00e0 encore, seule la vibration se propage, et non les atomes qui ne font que vibrer tr\u00e8s faiblement autour de leur position d'\u00e9quilibre.<\/p>\n<p>Tout b\u00e2timent et infrastructure ou activit\u00e9 <span class=\"citation\">\u00ab\u00a0peut \u00eatre tour \u00e0 tour \u00ab\u00a0agress\u00e9\u00a0\u00bb ou \u00ab\u00a0agresseur\u00a0\u00bb sur le plan <\/span>acoustique<span class=\"citation\">\u00a0; il est donc primordial de bien analyser l\u2019environnement sonore autour de la parcelle, la proximit\u00e9 du voisinage et les g\u00eanes acoustiques que pourrait g\u00e9n\u00e9rer l\u2019exploitation du b\u00e2timent que l\u2019on a \u00e0 construire au regard de la destination de celui-ci\u00a0\u00bb<\/span><sup>1<\/sup>. L'isolation peut \u00eatre int\u00e9rieure ou ext\u00e9rieure. Certains mat\u00e9riaux (buttes de terre v\u00e9g\u00e9talis\u00e9e, terrasses v\u00e9g\u00e9talis\u00e9es) peuvent aussi dans une certaine mesure absorber le bruit ainsi ne pas le r\u00e9verb\u00e9rer.<\/p>\n<p>Dans le respect parfait des r\u00e8gles de mise en \u0153uvres, le flocage acoustique vous apportera un confort gr\u00e2ce \u00e0 une r\u00e9verb\u00e9ration du bruit r\u00e9duite. Les produits permettant d\u2019obtenir ce type de r\u00e9sultats sont des enduits p\u00e2teux de type SONOPHONE ou bien Protec Acoustique.\u00a0La Protection acoustique peux \u00e9galement s\u2019associ\u00e9 \u00e0 une protection Coupe feu et Thermique.<\/p>\n<p>Dans le b\u00e2timent (neuf ou en r\u00e9habilitation), de m\u00eame que le thermicien doit \u00e9viter les fuites et ponts thermiques quand il travaille \u00e0 l'isolation thermique, l'acousticien doit prendre en compte des effets de conduction et\/ou r\u00e9verb\u00e9ration des ondes sonores, l'effet de mauvaise jonctions entre parois et parfois les effets sonores induits par l'inclusion des r\u00e9seaux de fluides (cf. dilatation, bulles,\u00a0etc.) et de gaines dans le b\u00e2ti et l'espace int\u00e9rieur ou ext\u00e9rieur.<\/p>\n<p>\u00a0<\/p>\n<\/div><\/div><\/div><div id=\"pgc-2340-0-1\"  class=\"panel-grid-cell\" ><div id=\"panel-2340-0-1-0\" class=\"so-panel widget widget_sow-slider panel-first-child panel-last-child\" data-index=\"1\" ><div\n\t\t\t\n\t\t\tclass=\"so-widget-sow-slider so-widget-sow-slider-default-6d39609536fd-2340\"\n\t\t\t\n\t\t>\t\t\t\t<div class=\"sow-slider-base\" style=\"display: none\" tabindex=\"0\">\n\t\t\t\t\t<ul\n\t\t\t\t\tclass=\"sow-slider-images\"\n\t\t\t\t\tdata-settings=\"{&quot;pagination&quot;:true,&quot;speed&quot;:800,&quot;timeout&quot;:8000,&quot;paused&quot;:false,&quot;pause_on_hover&quot;:false,&quot;swipe&quot;:true,&quot;nav_always_show_desktop&quot;:&quot;&quot;,&quot;nav_always_show_mobile&quot;:&quot;&quot;,&quot;breakpoint&quot;:&quot;780px&quot;,&quot;unmute&quot;:false,&quot;anchor&quot;:null}\"\n\t\t\t\t\t\t\t\t\t\tdata-anchor-id=\"\"\n\t\t\t\t>\t\t<li class=\"sow-slider-image\" style=\"visibility: visible;\" >\n\t\t\t\t\t\t<img loading=\"lazy\" decoding=\"async\" width=\"2560\" height=\"1920\" src=\"https:\/\/france-isolation.com\/wp-content\/uploads\/2015\/06\/Flocageplatre-Coupe-feu.jpg\" class=\"sow-slider-background-image\" alt=\"Flocage platre coupe feu\" style=\"\" srcset=\"https:\/\/france-isolation.com\/wp-content\/uploads\/2015\/06\/Flocageplatre-Coupe-feu.jpg 2560w, https:\/\/france-isolation.com\/wp-content\/uploads\/2015\/06\/Flocageplatre-Coupe-feu-300x225.jpg 300w, https:\/\/france-isolation.com\/wp-content\/uploads\/2015\/06\/Flocageplatre-Coupe-feu-768x576.jpg 768w, https:\/\/france-isolation.com\/wp-content\/uploads\/2015\/06\/Flocageplatre-Coupe-feu-1024x768.jpg 1024w, https:\/\/france-isolation.com\/wp-content\/uploads\/2015\/06\/Flocageplatre-Coupe-feu-555x416.jpg 555w, https:\/\/france-isolation.com\/wp-content\/uploads\/2015\/06\/Flocageplatre-Coupe-feu-100x75.jpg 100w, https:\/\/france-isolation.com\/wp-content\/uploads\/2015\/06\/Flocageplatre-Coupe-feu-600x450.jpg 600w\" sizes=\"auto, (max-width: 2560px) 100vw, 2560px\" \/>\t\t<\/li>\n\t\t\t\t<li class=\"sow-slider-image\" style=\"visibility: hidden;\" >\n\t\t\t\t\t\t<img loading=\"lazy\" decoding=\"async\" width=\"555\" height=\"416\" src=\"https:\/\/france-isolation.com\/wp-content\/uploads\/2015\/06\/flocage-sous-beton-coupe-feu-acoustique.jpg\" class=\"sow-slider-background-image\" alt=\"flocage sous b\u00e9ton coupe feu et acoustique\" style=\"\" srcset=\"https:\/\/france-isolation.com\/wp-content\/uploads\/2015\/06\/flocage-sous-beton-coupe-feu-acoustique.jpg 555w, https:\/\/france-isolation.com\/wp-content\/uploads\/2015\/06\/flocage-sous-beton-coupe-feu-acoustique-300x225.jpg 300w, https:\/\/france-isolation.com\/wp-content\/uploads\/2015\/06\/flocage-sous-beton-coupe-feu-acoustique-100x75.jpg 100w\" sizes=\"auto, (max-width: 555px) 100vw, 555px\" \/>\t\t<\/li>\n\t\t\t\t<li class=\"sow-slider-image\" style=\"visibility: hidden;\" >\n\t\t\t\t\t\t<img loading=\"lazy\" decoding=\"async\" width=\"555\" height=\"416\" src=\"https:\/\/france-isolation.com\/wp-content\/uploads\/2015\/06\/flocagecoupefeu-en-platre-mortier-coupe-feu.jpg\" class=\"sow-slider-background-image\" alt=\"flocage coupe feu en platre mortier coupe feu\" style=\"\" srcset=\"https:\/\/france-isolation.com\/wp-content\/uploads\/2015\/06\/flocagecoupefeu-en-platre-mortier-coupe-feu.jpg 555w, https:\/\/france-isolation.com\/wp-content\/uploads\/2015\/06\/flocagecoupefeu-en-platre-mortier-coupe-feu-300x225.jpg 300w, https:\/\/france-isolation.com\/wp-content\/uploads\/2015\/06\/flocagecoupefeu-en-platre-mortier-coupe-feu-100x75.jpg 100w\" sizes=\"auto, (max-width: 555px) 100vw, 555px\" \/>\t\t<\/li>\n\t\t<\/ul>\t\t\t\t<ol class=\"sow-slider-pagination\">\n\t\t\t\t\t\t\t\t\t\t\t<li><a href=\"#\" data-goto=\"0\" aria-label=\"Display slide 1\"><\/a><\/li>\n\t\t\t\t\t\t\t\t\t\t\t<li><a href=\"#\" data-goto=\"1\" aria-label=\"Display slide 2\"><\/a><\/li>\n\t\t\t\t\t\t\t\t\t\t\t<li><a href=\"#\" data-goto=\"2\" aria-label=\"Display slide 3\"><\/a><\/li>\n\t\t\t\t\t\t\t\t\t<\/ol>\n\n\t\t\t\t<div class=\"sow-slide-nav sow-slide-nav-next\">\n\t\t\t\t\t<a href=\"#\" data-goto=\"next\" aria-label=\"Next slide\" data-action=\"next\">\n\t\t\t\t\t\t<em class=\"sow-sld-icon-thin-right\"><\/em>\n\t\t\t\t\t<\/a>\n\t\t\t\t<\/div>\n\n\t\t\t\t<div class=\"sow-slide-nav sow-slide-nav-prev\">\n\t\t\t\t\t<a href=\"#\" data-goto=\"previous\" aria-label=\"Previous slide\" data-action=\"prev\">\n\t\t\t\t\t\t<em class=\"sow-sld-icon-thin-left\"><\/em>\n\t\t\t\t\t<\/a>\n\t\t\t\t<\/div>\n\t\t\t\t<\/div><\/div><\/div><\/div><\/div><div id=\"pg-2340-1\"  class=\"panel-grid panel-no-style\" ><div id=\"pgc-2340-1-0\"  class=\"panel-grid-cell\" ><div id=\"panel-2340-1-0-0\" class=\"so-panel widget widget_black-studio-tinymce widget_black_studio_tinymce panel-first-child panel-last-child\" data-index=\"2\" ><h3 class=\"widget-title\">Flocage Fibreux<\/h3><div class=\"textwidget\"><p>Dans cette configuration nous posons d\u2019abord un treillis d\u2019accroche m\u00e9tallique de type nergalto. Le treillis devra \u00eatre fix\u00e9 m\u00e9caniquement sur une ossature bois ou un rail lui-m\u00eame spitt\u00e9 sur les solives.\u00a0Le Flocage fibreux des produits tels que le Protec Acoustique et autres \u00e9quivalents se r\u00e9alise par projection pneumatique.\u00a0Une fois projet\u00e9, le flocage sera \u00e9cras\u00e9 de diff\u00e9rentes mani\u00e8res suivant les types de supports. Sa couleur finale est dans les tons gris souris clairs.<\/p>\n<\/div><\/div><\/div><div id=\"pgc-2340-1-1\"  class=\"panel-grid-cell\" ><div id=\"panel-2340-1-1-0\" class=\"so-panel widget widget_black-studio-tinymce widget_black_studio_tinymce panel-first-child panel-last-child\" data-index=\"3\" ><h3 class=\"widget-title\">Flocage P\u00e2teux<\/h3><div class=\"textwidget\"><p>Le Flocage p\u00e2teux des produits tels que le MK6, le Promaspray P300, le Dossalack 250 ou 350P et autres \u00e9quivalents se r\u00e9alise par projection \u00e0 l\u2019aide de machine \u00e0 pl\u00e2tre. Nous effectuons pr\u00e9alablement \u00e0 la projection d\u2019enduits p\u00e2teux une pr\u00e9paration des supports consistant \u00e0 nettoyer, d\u00e9graisser et d\u00e9poussi\u00e9rer les supports.\u00a0Ensuite \u00e0 l\u2019aide d\u2019une pompe ou d\u2019un rouleau \u00e0 colle, nous appliquons le primaire d\u2019accroche qui assurera la bonne tenue du flocage coupe-feu et stable feu.\u00a0Une fois le flocage P\u00e2teux projet\u00e9, celui-ci garde le plus souvent une finition brute de projection. Sa couleur finale varie selon les produits entre le gris clair et le blanc cass\u00e9.<\/p>\n<\/div><\/div><\/div><\/div><div id=\"pg-2340-2\"  class=\"panel-grid panel-no-style\" ><div id=\"pgc-2340-2-0\"  class=\"panel-grid-cell\" ><div id=\"panel-2340-2-0-0\" class=\"so-panel widget widget_black-studio-tinymce widget_black_studio_tinymce panel-first-child panel-last-child\" data-index=\"4\" ><h3 class=\"widget-title\">Domaines d&rsquo;application<\/h3><div class=\"textwidget\"><p>Structures porteuses en acier<\/p>\n<p>Planchers b\u00e9tons et hourdis<\/p>\n<p>Planchers bois<\/p>\n<p>Planchers mixtes avec pl\u00e2tres, lattis-bois<\/p>\n<p>Bac acier collaborant<\/p>\n<p>Bardages m\u00e9tallique (aciers mixte en m\u00e9tal)<\/p>\n<p>Sous toiture, coupe feu et pare flamme<\/p>\n<p>Planchers en brique rouge (c\u00e9ramique)<\/p>\n<p>Les cavit\u00e9s creuses<\/p>\n<p>Les salles de cin\u00e9ma<\/p>\n<p>Les m\u00e9diath\u00e8ques<\/p>\n<p>Les auditoriums<\/p>\n<p>Les studios d\u2019enregistrement<\/p>\n<\/div><\/div><\/div><\/div><\/div>","protected":false},"excerpt":{"rendered":"<p>L&rsquo;isolation phonique, ou isolation acoustique, vise \u00e0 \u00e9viter la propagation du bruit.Dans un milieu compressible, le plus souvent dans l\u2019air, le son se propage sous forme d&rsquo;une variation de pression cr\u00e9\u00e9e par la source sonore. Seule la compression se d\u00e9place et non les mol\u00e9cules d\u2019air, si ce n\u2019est de quelques microm\u00e8tres. Le son se propage &hellip;<\/p>\n","protected":false},"author":1,"featured_media":0,"parent":2157,"menu_order":0,"comment_status":"closed","ping_status":"closed","template":"","meta":{"footnotes":""},"class_list":["post-2340","page","type-page","status-publish","hentry"],"_links":{"self":[{"href":"https:\/\/france-isolation.com\/index.php?rest_route=\/wp\/v2\/pages\/2340","targetHints":{"allow":["GET"]}}],"collection":[{"href":"https:\/\/france-isolation.com\/index.php?rest_route=\/wp\/v2\/pages"}],"about":[{"href":"https:\/\/france-isolation.com\/index.php?rest_route=\/wp\/v2\/types\/page"}],"author":[{"embeddable":true,"href":"https:\/\/france-isolation.com\/index.php?rest_route=\/wp\/v2\/users\/1"}],"replies":[{"embeddable":true,"href":"https:\/\/france-isolation.com\/index.php?rest_route=%2Fwp%2Fv2%2Fcomments&post=2340"}],"version-history":[{"count":17,"href":"https:\/\/france-isolation.com\/index.php?rest_route=\/wp\/v2\/pages\/2340\/revisions"}],"predecessor-version":[{"id":3178,"href":"https:\/\/france-isolation.com\/index.php?rest_route=\/wp\/v2\/pages\/2340\/revisions\/3178"}],"up":[{"embeddable":true,"href":"https:\/\/france-isolation.com\/index.php?rest_route=\/wp\/v2\/pages\/2157"}],"wp:attachment":[{"href":"https:\/\/france-isolation.com\/index.php?rest_route=%2Fwp%2Fv2%2Fmedia&parent=2340"}],"curies":[{"name":"wp","href":"https:\/\/api.w.org\/{rel}","templated":true}]}}