{"id":2329,"date":"2024-05-05T12:33:10","date_gmt":"2024-05-05T11:33:10","guid":{"rendered":"http:\/\/france-isolation.com\/?page_id=2329"},"modified":"2024-05-05T19:15:56","modified_gmt":"2024-05-05T18:15:56","slug":"flocage-thermique","status":"publish","type":"page","link":"https:\/\/france-isolation.com\/?page_id=2329","title":{"rendered":"Flocage Thermique"},"content":{"rendered":"<div id=\"pl-2329\"  class=\"panel-layout\" ><div id=\"pg-2329-0\"  class=\"panel-grid panel-no-style\" ><div id=\"pgc-2329-0-0\"  class=\"panel-grid-cell\" ><div id=\"panel-2329-0-0-0\" class=\"so-panel widget widget_black-studio-tinymce widget_black_studio_tinymce panel-first-child panel-last-child\" data-index=\"0\" ><div class=\"textwidget\"><p>La protection thermique, dans le domaine du b\u00e2timent, comme dans tout autre domaine, est l'ensemble des dispositifs utilis\u00e9s pour \u00e9viter qu'un corps soit soumis \u00e0 des variations excessives de temp\u00e9ratures. La protection thermique peut \u00eatre active ou passive par flocage. L\u2019isolation thermique d\u00e9signe l'ensemble des techniques mises en \u0153uvre pour limiter les transferts de chaleur entre un milieu chaud et un milieu froid.<\/p>\n<p>Le but de l'isolation thermique est donc de diminuer les \u00e9changes de chaleur entre un corps froid et un corps chaud. Elle peut avoir pour but de garder la chaleur pr\u00e9sente dans un volume comme pour une maison, elle peut aussi avoir pour but de garder le froid dans un volume comme pour un r\u00e9frig\u00e9rateur. Cela passe par l'interposition d'un syst\u00e8me d\u00e9di\u00e9 entre le milieu chaud et le milieu froid. Il s'agit le plus souvent de mat\u00e9riaux choisis \u00e0 cet effet g\u00e9n\u00e9ralement appel\u00e9s isolants thermiques. Il peut aussi s'agir de flux d'air entre ces deux milieux.<\/p>\n<p>L'isolation d'un b\u00e2timent permet de diminuer les \u00e9changes de chaleur entre l'int\u00e9rieur du b\u00e2timent et l'environnement ext\u00e9rieur, et ainsi diminuer les besoins de chauffage et, le cas \u00e9ch\u00e9ant, de climatisation. Cette isolation doit \u00eatre pens\u00e9e en fonction des contraintes climatiques du lieu dans lequel se situe le b\u00e2timent. L'isolation thermique est le principe de base de la maison passive. Elle emprisonne la chaleur \u00e0 l'int\u00e9rieur en hiver et garde la maison fra\u00eeche en \u00e9t\u00e9. Une meilleure isolation r\u00e9duit la consommation; or une r\u00e9duction de la consommation \u00e9lectrique implique une r\u00e9duction des \u00e9missions de GES (gaz \u00e0 effet de serre), il s'agit donc d'un bon d\u00e9but dans la lutte contre le r\u00e9chauffement climatique.<\/p>\n<p>La lutte contre le gaspillage d\u2019\u00e9nergie passe par l\u2019isolation thermique des b\u00e2timents chauff\u00e9s. En France, et dans de nombreux pays, elle fait l\u2019objet de r\u00e9glementations. En France, l\u2019isolation des nouveaux logements est obligatoire mais c\u2019est aussi un moyen efficace de r\u00e9duire les d\u00e9penses de chauffage et de climatisation tout en am\u00e9liorant le confort. Elle est encourag\u00e9e par les pouvoirs publics, par exemple par le programme Isolto (R\u00e9gion Nord-Pas-de-Calais). La RT2012 impose d\u00e9sormais \u00e0 la construction ou \u00e0 la r\u00e9novation d'avoir des indices d'isolations et d'\u00e9tanch\u00e9it\u00e9 \u00e9lev\u00e9s et d'humidit\u00e9 basses. Ces indices varient selon la r\u00e9gion (climat, hauteur). Des indices comme le diagnostic performance thermique (DPE), qui doit \u00eatre inf\u00e9rieur \u00e0 50, ont \u00e9t\u00e9 cr\u00e9\u00e9 pour classer l'isolation des b\u00e2timents en cat\u00e9gories. La RT207 pr\u00e9voit un indice DPE \u00e0 la construction en dessous de z\u00e9ro, les b\u00e2timents nouveaux devront \u00eatre \u00e9nergiquement parlant autonomes.<\/p>\n<\/div><\/div><\/div><div id=\"pgc-2329-0-1\"  class=\"panel-grid-cell\" ><div id=\"panel-2329-0-1-0\" class=\"so-panel widget widget_sow-slider panel-first-child panel-last-child\" data-index=\"1\" ><div\n\t\t\t\n\t\t\tclass=\"so-widget-sow-slider so-widget-sow-slider-default-6d39609536fd-2329\"\n\t\t\t\n\t\t>\t\t\t\t<div class=\"sow-slider-base\" style=\"display: none\" tabindex=\"0\">\n\t\t\t\t\t<ul\n\t\t\t\t\tclass=\"sow-slider-images\"\n\t\t\t\t\tdata-settings=\"{&quot;pagination&quot;:true,&quot;speed&quot;:800,&quot;timeout&quot;:8000,&quot;paused&quot;:false,&quot;pause_on_hover&quot;:false,&quot;swipe&quot;:true,&quot;nav_always_show_desktop&quot;:&quot;&quot;,&quot;nav_always_show_mobile&quot;:&quot;&quot;,&quot;breakpoint&quot;:&quot;780px&quot;,&quot;unmute&quot;:false,&quot;anchor&quot;:null}\"\n\t\t\t\t\t\t\t\t\t\tdata-anchor-id=\"\"\n\t\t\t\t>\t\t<li class=\"sow-slider-image\" style=\"visibility: visible;\" >\n\t\t\t\t\t\t<img loading=\"lazy\" decoding=\"async\" width=\"640\" height=\"480\" src=\"https:\/\/france-isolation.com\/wp-content\/uploads\/2015\/06\/flocage-anti-condensation-acoustique.jpg\" class=\"sow-slider-background-image\" alt=\"flocage anti condensation et acoustique\" style=\"\" srcset=\"https:\/\/france-isolation.com\/wp-content\/uploads\/2015\/06\/flocage-anti-condensation-acoustique.jpg 640w, https:\/\/france-isolation.com\/wp-content\/uploads\/2015\/06\/flocage-anti-condensation-acoustique-300x225.jpg 300w, https:\/\/france-isolation.com\/wp-content\/uploads\/2015\/06\/flocage-anti-condensation-acoustique-555x416.jpg 555w, https:\/\/france-isolation.com\/wp-content\/uploads\/2015\/06\/flocage-anti-condensation-acoustique-100x75.jpg 100w, https:\/\/france-isolation.com\/wp-content\/uploads\/2015\/06\/flocage-anti-condensation-acoustique-600x450.jpg 600w\" sizes=\"auto, (max-width: 640px) 100vw, 640px\" \/>\t\t<\/li>\n\t\t\t\t<li class=\"sow-slider-image\" style=\"visibility: hidden;\" >\n\t\t\t\t\t\t<img loading=\"lazy\" decoding=\"async\" width=\"555\" height=\"416\" src=\"https:\/\/france-isolation.com\/wp-content\/uploads\/2015\/06\/flocage-coupe-feu-sous-plafond.jpg\" class=\"sow-slider-background-image\" alt=\"flocage coupe feu sous plafond CF1H, CF1\/2H et CF2H\" style=\"\" srcset=\"https:\/\/france-isolation.com\/wp-content\/uploads\/2015\/06\/flocage-coupe-feu-sous-plafond.jpg 555w, https:\/\/france-isolation.com\/wp-content\/uploads\/2015\/06\/flocage-coupe-feu-sous-plafond-300x225.jpg 300w, https:\/\/france-isolation.com\/wp-content\/uploads\/2015\/06\/flocage-coupe-feu-sous-plafond-100x75.jpg 100w\" sizes=\"auto, (max-width: 555px) 100vw, 555px\" \/>\t\t<\/li>\n\t\t\t\t<li class=\"sow-slider-image\" style=\"visibility: hidden;\" >\n\t\t\t\t\t\t<img loading=\"lazy\" decoding=\"async\" width=\"555\" height=\"416\" src=\"https:\/\/france-isolation.com\/wp-content\/uploads\/2015\/06\/Application-de-flocage-coupe-feu-projete.jpg\" class=\"sow-slider-background-image\" alt=\"Application de flocage coupe feu projet\u00e9\" style=\"\" srcset=\"https:\/\/france-isolation.com\/wp-content\/uploads\/2015\/06\/Application-de-flocage-coupe-feu-projete.jpg 555w, https:\/\/france-isolation.com\/wp-content\/uploads\/2015\/06\/Application-de-flocage-coupe-feu-projete-300x225.jpg 300w, https:\/\/france-isolation.com\/wp-content\/uploads\/2015\/06\/Application-de-flocage-coupe-feu-projete-100x75.jpg 100w\" sizes=\"auto, (max-width: 555px) 100vw, 555px\" \/>\t\t<\/li>\n\t\t\t\t<li class=\"sow-slider-image\" style=\"visibility: hidden;\" >\n\t\t\t\t\t\t<img loading=\"lazy\" decoding=\"async\" width=\"555\" height=\"416\" src=\"https:\/\/france-isolation.com\/wp-content\/uploads\/2015\/06\/Operation-de-flocage-sur-plafond.jpg\" class=\"sow-slider-background-image\" alt=\"flocage coupe feu et acoustique sur plafond\" style=\"\" srcset=\"https:\/\/france-isolation.com\/wp-content\/uploads\/2015\/06\/Operation-de-flocage-sur-plafond.jpg 555w, https:\/\/france-isolation.com\/wp-content\/uploads\/2015\/06\/Operation-de-flocage-sur-plafond-300x225.jpg 300w, https:\/\/france-isolation.com\/wp-content\/uploads\/2015\/06\/Operation-de-flocage-sur-plafond-100x75.jpg 100w\" sizes=\"auto, (max-width: 555px) 100vw, 555px\" \/>\t\t<\/li>\n\t\t<\/ul>\t\t\t\t<ol class=\"sow-slider-pagination\">\n\t\t\t\t\t\t\t\t\t\t\t<li><a href=\"#\" data-goto=\"0\" aria-label=\"Display slide 1\"><\/a><\/li>\n\t\t\t\t\t\t\t\t\t\t\t<li><a href=\"#\" data-goto=\"1\" aria-label=\"Display slide 2\"><\/a><\/li>\n\t\t\t\t\t\t\t\t\t\t\t<li><a href=\"#\" data-goto=\"2\" aria-label=\"Display slide 3\"><\/a><\/li>\n\t\t\t\t\t\t\t\t\t\t\t<li><a href=\"#\" data-goto=\"3\" aria-label=\"Display slide 4\"><\/a><\/li>\n\t\t\t\t\t\t\t\t\t<\/ol>\n\n\t\t\t\t<div class=\"sow-slide-nav sow-slide-nav-next\">\n\t\t\t\t\t<a href=\"#\" data-goto=\"next\" aria-label=\"Next slide\" data-action=\"next\">\n\t\t\t\t\t\t<em class=\"sow-sld-icon-thin-right\"><\/em>\n\t\t\t\t\t<\/a>\n\t\t\t\t<\/div>\n\n\t\t\t\t<div class=\"sow-slide-nav sow-slide-nav-prev\">\n\t\t\t\t\t<a href=\"#\" data-goto=\"previous\" aria-label=\"Previous slide\" data-action=\"prev\">\n\t\t\t\t\t\t<em class=\"sow-sld-icon-thin-left\"><\/em>\n\t\t\t\t\t<\/a>\n\t\t\t\t<\/div>\n\t\t\t\t<\/div><\/div><\/div><\/div><\/div><div id=\"pg-2329-1\"  class=\"panel-grid panel-no-style\" ><div id=\"pgc-2329-1-0\"  class=\"panel-grid-cell\" ><div id=\"panel-2329-1-0-0\" class=\"so-panel widget widget_black-studio-tinymce widget_black_studio_tinymce panel-first-child panel-last-child\" data-index=\"2\" ><h3 class=\"widget-title\">Flocage Fibreux<\/h3><div class=\"textwidget\"><p>Le Flocage fibreux des produits tels que le PROTEC THERMIQUE'S, PROMASPRAY T, DOSSOLAN THERMIQUE, ISOTHERM et autres \u00e9quivalents se r\u00e9alise par projection pneumatique.\u00a0Nous effectuons pr\u00e9alablement \u00e0 la projection de laine une pr\u00e9paration des supports consistant \u00e0 nettoyer, d\u00e9graisser et d\u00e9poussi\u00e9rer les supports. Ensuite \u00e0 l\u2019aide d\u2019une pompe ou d\u2019un rouleau \u00e0 colle, nous appliquons le primaire d\u2019accroche qui assurera la bonne tenue du flocage coupe-feu et stable feu.Une fois projet\u00e9, le flocage sera \u00e9cras\u00e9 de diff\u00e9rentes mani\u00e8res suivant les types de supports. Sa couleur finale est dans les tons gris souris clairs.\u00a0Disposition particuli\u00e8re, en cas de support peint, nergalto est obligatoire.<\/p>\n<\/div><\/div><\/div><div id=\"pgc-2329-1-1\"  class=\"panel-grid-cell\" ><div id=\"panel-2329-1-1-0\" class=\"so-panel widget widget_black-studio-tinymce widget_black_studio_tinymce panel-first-child panel-last-child\" data-index=\"3\" ><h3 class=\"widget-title\">Panneaux Isolants<\/h3><div class=\"textwidget\"><p>Les panneaux isolants tels que le FIBRASTYRENE, le FIBRALITTE et autres \u00e9quivalents se fixent par chevilles m\u00e9caniques.<\/p>\n<\/div><\/div><\/div><\/div><div id=\"pg-2329-2\"  class=\"panel-grid panel-no-style\" ><div id=\"pgc-2329-2-0\"  class=\"panel-grid-cell\" ><div id=\"panel-2329-2-0-0\" class=\"so-panel widget widget_black-studio-tinymce widget_black_studio_tinymce panel-first-child panel-last-child\" data-index=\"4\" ><h3 class=\"widget-title\">Domaines d&rsquo;application<\/h3><div class=\"textwidget\"><p>Structures porteuses en acier, isolement thermique<\/p>\n<p>Planchers b\u00e9tons et hourdis, flocage coupe feu\u00a0et thermique<\/p>\n<p>Planchers bois, protection coupe feu par flocage d\u2019isolant incendie permettant une protection coupe feu \u00bd heure \u00e0 3 heures et thermique<\/p>\n<p>Planchers mixtes avec pl\u00e2tres, lattis-bois etc, flocage coupe feu jusqu\u2019\u00e0 3 heures et thermique<\/p>\n<p>Bac acier collaborant, projection d\u2019enduits ou laine par flocage coupe feu jusqu\u00e0 3 heures\u00a0et thermique<\/p>\n<p>Bardages m\u00e9tallique (aciers mixte en m\u00e9tal), coupe feu 2 heures et 3 Heures\u00a0et thermique<\/p>\n<p>Sous toiture, coupe feu et pare flamme jusqu\u2019\u00e0 3 heures\u00a0et thermique<\/p>\n<p>Planchers en brique rouge (c\u00e9ramique)<\/p>\n<\/div><\/div><\/div><\/div><\/div>","protected":false},"excerpt":{"rendered":"<p>La protection thermique, dans le domaine du b\u00e2timent, comme dans tout autre domaine, est l&rsquo;ensemble des dispositifs utilis\u00e9s pour \u00e9viter qu&rsquo;un corps soit soumis \u00e0 des variations excessives de temp\u00e9ratures. La protection thermique peut \u00eatre active ou passive par flocage. L\u2019isolation thermique d\u00e9signe l&rsquo;ensemble des techniques mises en \u0153uvre pour limiter les transferts de chaleur &hellip;<\/p>\n","protected":false},"author":1,"featured_media":0,"parent":2157,"menu_order":0,"comment_status":"closed","ping_status":"closed","template":"","meta":{"footnotes":""},"class_list":["post-2329","page","type-page","status-publish","hentry"],"_links":{"self":[{"href":"https:\/\/france-isolation.com\/index.php?rest_route=\/wp\/v2\/pages\/2329","targetHints":{"allow":["GET"]}}],"collection":[{"href":"https:\/\/france-isolation.com\/index.php?rest_route=\/wp\/v2\/pages"}],"about":[{"href":"https:\/\/france-isolation.com\/index.php?rest_route=\/wp\/v2\/types\/page"}],"author":[{"embeddable":true,"href":"https:\/\/france-isolation.com\/index.php?rest_route=\/wp\/v2\/users\/1"}],"replies":[{"embeddable":true,"href":"https:\/\/france-isolation.com\/index.php?rest_route=%2Fwp%2Fv2%2Fcomments&post=2329"}],"version-history":[{"count":20,"href":"https:\/\/france-isolation.com\/index.php?rest_route=\/wp\/v2\/pages\/2329\/revisions"}],"predecessor-version":[{"id":3185,"href":"https:\/\/france-isolation.com\/index.php?rest_route=\/wp\/v2\/pages\/2329\/revisions\/3185"}],"up":[{"embeddable":true,"href":"https:\/\/france-isolation.com\/index.php?rest_route=\/wp\/v2\/pages\/2157"}],"wp:attachment":[{"href":"https:\/\/france-isolation.com\/index.php?rest_route=%2Fwp%2Fv2%2Fmedia&parent=2329"}],"curies":[{"name":"wp","href":"https:\/\/api.w.org\/{rel}","templated":true}]}}