{"id":2254,"date":"2024-05-04T00:26:53","date_gmt":"2024-05-03T23:26:53","guid":{"rendered":"http:\/\/france-isolation.com\/?page_id=2254"},"modified":"2024-05-05T17:45:50","modified_gmt":"2024-05-05T16:45:50","slug":"devis-gratuit-flocage","status":"publish","type":"page","link":"https:\/\/france-isolation.com\/?page_id=2254","title":{"rendered":"Devis Gratuit"},"content":{"rendered":"<div id=\"pl-2254\"  class=\"panel-layout\" ><div id=\"pg-2254-0\"  class=\"panel-grid panel-no-style\" ><div id=\"pgc-2254-0-0\"  class=\"panel-grid-cell panel-grid-cell-empty\" ><\/div><div id=\"pgc-2254-0-1\"  class=\"panel-grid-cell\" ><div id=\"panel-2254-0-1-0\" class=\"so-panel widget widget_text panel-first-child\" data-index=\"0\" >\t\t\t<div class=\"textwidget\">\n<div class=\"wpcf7 no-js\" id=\"wpcf7-f2260-o1\" lang=\"fr-FR\" dir=\"ltr\" data-wpcf7-id=\"2260\">\n<div class=\"screen-reader-response\"><p role=\"status\" aria-live=\"polite\" aria-atomic=\"true\"><\/p> <ul><\/ul><\/div>\n<form action=\"\/index.php?rest_route=%2Fwp%2Fv2%2Fpages%2F2254#wpcf7-f2260-o1\" method=\"post\" class=\"wpcf7-form init\" aria-label=\"Formulaire de contact\" novalidate=\"novalidate\" data-status=\"init\">\n<fieldset class=\"hidden-fields-container\"><input type=\"hidden\" name=\"_wpcf7\" value=\"2260\" \/><input type=\"hidden\" name=\"_wpcf7_version\" value=\"6.1.5\" \/><input type=\"hidden\" name=\"_wpcf7_locale\" value=\"fr_FR\" \/><input type=\"hidden\" name=\"_wpcf7_unit_tag\" value=\"wpcf7-f2260-o1\" \/><input type=\"hidden\" name=\"_wpcf7_container_post\" value=\"0\" \/><input type=\"hidden\" name=\"_wpcf7_posted_data_hash\" value=\"\" \/>\n<\/fieldset>\n<p>Votre nom \/ Votre soci\u00e9t\u00e9 (obligatoire)\n<\/p>\n<p><span class=\"wpcf7-form-control-wrap\" data-name=\"your-name\"><input size=\"40\" maxlength=\"400\" class=\"wpcf7-form-control wpcf7-text wpcf7-validates-as-required\" aria-required=\"true\" aria-invalid=\"false\" value=\"\" type=\"text\" name=\"your-name\" \/><\/span>\n<\/p>\n<p>Votre adresse (obligatoire)\n<\/p>\n<p><span class=\"wpcf7-form-control-wrap\" data-name=\"your-adress\"><input size=\"40\" maxlength=\"400\" class=\"wpcf7-form-control wpcf7-text wpcf7-validates-as-required\" aria-required=\"true\" aria-invalid=\"false\" value=\"\" type=\"text\" name=\"your-adress\" \/><\/span>\n<\/p>\n<p>Votre ville (obligatoire)\n<\/p>\n<p><span class=\"wpcf7-form-control-wrap\" data-name=\"your-city\"><input size=\"40\" maxlength=\"400\" class=\"wpcf7-form-control wpcf7-text wpcf7-validates-as-required\" aria-required=\"true\" aria-invalid=\"false\" value=\"\" type=\"text\" name=\"your-city\" \/><\/span>\n<\/p>\n<p>Votre pays (obligatoire)\n<\/p>\n<p><span class=\"wpcf7-form-control-wrap\" data-name=\"your-country\"><input size=\"40\" maxlength=\"400\" class=\"wpcf7-form-control wpcf7-text wpcf7-validates-as-required\" aria-required=\"true\" aria-invalid=\"false\" value=\"\" type=\"text\" name=\"your-country\" \/><\/span>\n<\/p>\n<p>Interlocuteur\n<\/p>\n<p><span class=\"wpcf7-form-control-wrap\" data-name=\"your-interlocutor\"><input size=\"40\" maxlength=\"400\" class=\"wpcf7-form-control wpcf7-text\" aria-invalid=\"false\" value=\"\" type=\"text\" name=\"your-interlocutor\" \/><\/span>\n<\/p>\n<p>R\u00e9f\u00e9rence Chantier (obligatoire)\n<\/p>\n<p><span class=\"wpcf7-form-control-wrap\" data-name=\"reference-chantier\"><select class=\"wpcf7-form-control wpcf7-select wpcf7-validates-as-required\" aria-required=\"true\" aria-invalid=\"false\" name=\"reference-chantier\"><option value=\"\">&#8212;Veuillez choisir une option&#8212;<\/option><option value=\"Habitation Particuli\u00e8re\">Habitation Particuli\u00e8re<\/option><option value=\"Habitation Collective\">Habitation Collective<\/option><option value=\"Commerce\">Commerce<\/option><option value=\"Industrie\">Industrie<\/option><\/select><\/span>\n<\/p>\n<p>T\u00e9l\u00e9phone\n<\/p>\n<p><span class=\"wpcf7-form-control-wrap\" data-name=\"your-phone\"><input size=\"40\" maxlength=\"400\" class=\"wpcf7-form-control wpcf7-text\" aria-invalid=\"false\" value=\"\" type=\"text\" name=\"your-phone\" \/><\/span>\n<\/p>\n<p>Fax\n<\/p>\n<p><span class=\"wpcf7-form-control-wrap\" data-name=\"your-fax\"><input size=\"40\" maxlength=\"400\" class=\"wpcf7-form-control wpcf7-text\" aria-invalid=\"false\" value=\"\" type=\"text\" name=\"your-fax\" \/><\/span>\n<\/p>\n<p>Votre email (obligatoire)\n<\/p>\n<p><span class=\"wpcf7-form-control-wrap\" data-name=\"your-email\"><input size=\"40\" maxlength=\"400\" class=\"wpcf7-form-control wpcf7-email wpcf7-validates-as-required wpcf7-text wpcf7-validates-as-email\" aria-required=\"true\" aria-invalid=\"false\" value=\"\" type=\"email\" name=\"your-email\" \/><\/span>\n<\/p>\n<p>Sujet\n<\/p>\n<p><span class=\"wpcf7-form-control-wrap\" data-name=\"your-subject\"><input size=\"40\" maxlength=\"400\" class=\"wpcf7-form-control wpcf7-text\" aria-invalid=\"false\" value=\"\" type=\"text\" name=\"your-subject\" \/><\/span>\n<\/p>\n<p>Informations compl\u00e9mentaires\n<\/p>\n<p><span class=\"wpcf7-form-control-wrap\" data-name=\"your-message\"><textarea cols=\"40\" rows=\"10\" maxlength=\"2000\" class=\"wpcf7-form-control wpcf7-textarea\" aria-invalid=\"false\" name=\"your-message\"><\/textarea><\/span>\n<\/p>\n<p><input class=\"wpcf7-form-control wpcf7-submit has-spinner\" type=\"submit\" value=\"Envoyer\" \/>\n<\/p><div class=\"wpcf7-response-output\" aria-hidden=\"true\"><\/div>\n<\/form>\n<\/div>\n<\/div>\n\t\t<\/div><div id=\"panel-2254-0-1-1\" class=\"so-panel widget widget_media_gallery panel-last-child\" data-index=\"1\" ><h3 class=\"widget-title\">Photos divers chantiers flocage<\/h3><div id='gallery-1' class='gallery galleryid-2254 gallery-columns-7 gallery-size-medium'><figure class='gallery-item'>\n\t\t\t<div class='gallery-icon landscape'>\n\t\t\t\t<a href='https:\/\/france-isolation.com\/?attachment_id=2610'><img loading=\"lazy\" decoding=\"async\" width=\"300\" height=\"225\" src=\"https:\/\/france-isolation.com\/wp-content\/uploads\/2015\/06\/flocagecoupefeu-plafond-platre-300x225.jpg\" class=\"attachment-medium size-medium\" alt=\"coupe feu sous plafond en platre\" srcset=\"https:\/\/france-isolation.com\/wp-content\/uploads\/2015\/06\/flocagecoupefeu-plafond-platre-300x225.jpg 300w, https:\/\/france-isolation.com\/wp-content\/uploads\/2015\/06\/flocagecoupefeu-plafond-platre-100x75.jpg 100w, https:\/\/france-isolation.com\/wp-content\/uploads\/2015\/06\/flocagecoupefeu-plafond-platre.jpg 555w\" sizes=\"auto, (max-width: 300px) 100vw, 300px\" \/><\/a>\n\t\t\t<\/div><\/figure><figure class='gallery-item'>\n\t\t\t<div class='gallery-icon landscape'>\n\t\t\t\t<a href='https:\/\/france-isolation.com\/?attachment_id=2592'><img loading=\"lazy\" decoding=\"async\" width=\"262\" height=\"140\" src=\"https:\/\/france-isolation.com\/wp-content\/uploads\/2014\/10\/Flocage-anti-feu-fibreux.jpg\" class=\"attachment-medium size-medium\" alt=\"flocage anti feu sous beton\" \/><\/a>\n\t\t\t<\/div><\/figure><figure class='gallery-item'>\n\t\t\t<div class='gallery-icon portrait'>\n\t\t\t\t<a href='https:\/\/france-isolation.com\/?attachment_id=2579'><img loading=\"lazy\" decoding=\"async\" width=\"225\" height=\"300\" src=\"https:\/\/france-isolation.com\/wp-content\/uploads\/2015\/06\/flocage_coupe_feu_projection_d_isolant_toiture6-225x300.jpg\" class=\"attachment-medium size-medium\" alt=\"\" srcset=\"https:\/\/france-isolation.com\/wp-content\/uploads\/2015\/06\/flocage_coupe_feu_projection_d_isolant_toiture6-225x300.jpg 225w, https:\/\/france-isolation.com\/wp-content\/uploads\/2015\/06\/flocage_coupe_feu_projection_d_isolant_toiture6-600x800.jpg 600w, https:\/\/france-isolation.com\/wp-content\/uploads\/2015\/06\/flocage_coupe_feu_projection_d_isolant_toiture6-768x1024.jpg 768w, https:\/\/france-isolation.com\/wp-content\/uploads\/2015\/06\/flocage_coupe_feu_projection_d_isolant_toiture6-416x555.jpg 416w\" sizes=\"auto, (max-width: 225px) 100vw, 225px\" \/><\/a>\n\t\t\t<\/div><\/figure><figure class='gallery-item'>\n\t\t\t<div class='gallery-icon landscape'>\n\t\t\t\t<a href='https:\/\/france-isolation.com\/?attachment_id=2595'><img loading=\"lazy\" decoding=\"async\" width=\"300\" height=\"225\" src=\"https:\/\/france-isolation.com\/wp-content\/uploads\/2014\/10\/flocage-dans-locaux-entrepots-et-usines-300x225.jpg\" class=\"attachment-medium size-medium\" alt=\"flocage dans locaux entrepots et usines\" srcset=\"https:\/\/france-isolation.com\/wp-content\/uploads\/2014\/10\/flocage-dans-locaux-entrepots-et-usines-300x225.jpg 300w, https:\/\/france-isolation.com\/wp-content\/uploads\/2014\/10\/flocage-dans-locaux-entrepots-et-usines-100x75.jpg 100w, https:\/\/france-isolation.com\/wp-content\/uploads\/2014\/10\/flocage-dans-locaux-entrepots-et-usines.jpg 555w\" sizes=\"auto, (max-width: 300px) 100vw, 300px\" \/><\/a>\n\t\t\t<\/div><\/figure><figure class='gallery-item'>\n\t\t\t<div class='gallery-icon landscape'>\n\t\t\t\t<a href='https:\/\/france-isolation.com\/?attachment_id=2600'><img loading=\"lazy\" decoding=\"async\" width=\"300\" height=\"225\" src=\"https:\/\/france-isolation.com\/wp-content\/uploads\/2014\/10\/Flocage-sur-plancher-en-bois-300x225.jpg\" class=\"attachment-medium size-medium\" alt=\"Flocage sur charpente en bois\" srcset=\"https:\/\/france-isolation.com\/wp-content\/uploads\/2014\/10\/Flocage-sur-plancher-en-bois-300x225.jpg 300w, https:\/\/france-isolation.com\/wp-content\/uploads\/2014\/10\/Flocage-sur-plancher-en-bois-100x75.jpg 100w, https:\/\/france-isolation.com\/wp-content\/uploads\/2014\/10\/Flocage-sur-plancher-en-bois.jpg 555w\" sizes=\"auto, (max-width: 300px) 100vw, 300px\" \/><\/a>\n\t\t\t<\/div><\/figure><figure class='gallery-item'>\n\t\t\t<div class='gallery-icon landscape'>\n\t\t\t\t<a href='https:\/\/france-isolation.com\/?attachment_id=2602'><img loading=\"lazy\" decoding=\"async\" width=\"300\" height=\"225\" src=\"https:\/\/france-isolation.com\/wp-content\/uploads\/2015\/06\/flocage-coupe-feu-sous-plafond-300x225.jpg\" class=\"attachment-medium size-medium\" alt=\"flocage coupe feu sous plafond CF1H, CF1\/2H et CF2H\" srcset=\"https:\/\/france-isolation.com\/wp-content\/uploads\/2015\/06\/flocage-coupe-feu-sous-plafond-300x225.jpg 300w, https:\/\/france-isolation.com\/wp-content\/uploads\/2015\/06\/flocage-coupe-feu-sous-plafond-100x75.jpg 100w, https:\/\/france-isolation.com\/wp-content\/uploads\/2015\/06\/flocage-coupe-feu-sous-plafond.jpg 555w\" sizes=\"auto, (max-width: 300px) 100vw, 300px\" \/><\/a>\n\t\t\t<\/div><\/figure><figure class='gallery-item'>\n\t\t\t<div class='gallery-icon landscape'>\n\t\t\t\t<a href='https:\/\/france-isolation.com\/?attachment_id=2604'><img loading=\"lazy\" decoding=\"async\" width=\"300\" height=\"225\" src=\"https:\/\/france-isolation.com\/wp-content\/uploads\/2015\/06\/Operation-de-flocage-sur-plafond-300x225.jpg\" class=\"attachment-medium size-medium\" alt=\"flocage coupe feu et acoustique sur plafond\" srcset=\"https:\/\/france-isolation.com\/wp-content\/uploads\/2015\/06\/Operation-de-flocage-sur-plafond-300x225.jpg 300w, https:\/\/france-isolation.com\/wp-content\/uploads\/2015\/06\/Operation-de-flocage-sur-plafond-100x75.jpg 100w, https:\/\/france-isolation.com\/wp-content\/uploads\/2015\/06\/Operation-de-flocage-sur-plafond.jpg 555w\" sizes=\"auto, (max-width: 300px) 100vw, 300px\" \/><\/a>\n\t\t\t<\/div><\/figure>\n\t\t<\/div>\n<\/div><\/div><\/div><\/div>","protected":false},"excerpt":{"rendered":"<p>Votre nom \/ Votre soci\u00e9t\u00e9 (obligatoire) Votre adresse (obligatoire) Votre ville (obligatoire) Votre pays (obligatoire) Interlocuteur R\u00e9f\u00e9rence Chantier (obligatoire) &#8212;Veuillez choisir une option&#8212;Habitation Particuli\u00e8reHabitation CollectiveCommerceIndustrie T\u00e9l\u00e9phone Fax Votre email (obligatoire) Sujet Informations compl\u00e9mentaires Photos divers chantiers flocage<\/p>\n","protected":false},"author":1,"featured_media":0,"parent":0,"menu_order":0,"comment_status":"closed","ping_status":"closed","template":"","meta":{"footnotes":""},"class_list":["post-2254","page","type-page","status-publish","hentry"],"_links":{"self":[{"href":"https:\/\/france-isolation.com\/index.php?rest_route=\/wp\/v2\/pages\/2254","targetHints":{"allow":["GET"]}}],"collection":[{"href":"https:\/\/france-isolation.com\/index.php?rest_route=\/wp\/v2\/pages"}],"about":[{"href":"https:\/\/france-isolation.com\/index.php?rest_route=\/wp\/v2\/types\/page"}],"author":[{"embeddable":true,"href":"https:\/\/france-isolation.com\/index.php?rest_route=\/wp\/v2\/users\/1"}],"replies":[{"embeddable":true,"href":"https:\/\/france-isolation.com\/index.php?rest_route=%2Fwp%2Fv2%2Fcomments&post=2254"}],"version-history":[{"count":16,"href":"https:\/\/france-isolation.com\/index.php?rest_route=\/wp\/v2\/pages\/2254\/revisions"}],"predecessor-version":[{"id":3175,"href":"https:\/\/france-isolation.com\/index.php?rest_route=\/wp\/v2\/pages\/2254\/revisions\/3175"}],"wp:attachment":[{"href":"https:\/\/france-isolation.com\/index.php?rest_route=%2Fwp%2Fv2%2Fmedia&parent=2254"}],"curies":[{"name":"wp","href":"https:\/\/api.w.org\/{rel}","templated":true}]}}