{"id":2159,"date":"2024-05-05T00:26:34","date_gmt":"2024-05-04T23:26:34","guid":{"rendered":"https:\/\/demo.proteusthemes.com\/buildpress\/?page_id=52"},"modified":"2024-05-05T19:13:49","modified_gmt":"2024-05-05T18:13:49","slug":"flocage-coupe-feu","status":"publish","type":"page","link":"https:\/\/france-isolation.com\/?page_id=2159","title":{"rendered":"Flocage Coupe Feu | Stable au Feu | Pare Flamme"},"content":{"rendered":"<div id=\"pl-2159\"  class=\"panel-layout\" ><div id=\"pg-2159-0\"  class=\"panel-grid panel-no-style\" ><div id=\"pgc-2159-0-0\"  class=\"panel-grid-cell\" ><div id=\"panel-2159-0-0-0\" class=\"so-panel widget widget_black-studio-tinymce widget_black_studio_tinymce panel-first-child panel-last-child\" data-index=\"0\" ><h3 class=\"widget-title\">Le Flocage Coupe Feu et ces Avantages :<\/h3><div class=\"textwidget\"><h3>Il existe diff\u00e9rents Flocage Coupe feu:<\/h3>\n<p>&nbsp;<\/p>\n<h4>- Le Flocage Coupe Feu \"classique\" :<\/h4>\n<p>Celui ci apporte une Protection Coupe feu de 30 min \u00e0 6 Heures. Il s'agit l\u00e0 d'utiliser les termes traditionnels du BTP, tels que Flocage Coupe Feu sur Plancher b\u00e9ton, Flocage Coupe Feu sur Plancher Bois, Flocage Coupe Feu sur plancher Pl\u00e2tre, Flocage Coupe Feu sur charpente m\u00e9tallique, Flocage Coupe Feu sur Bac Acier, Flocage Coupe Feu sur Bardage, Flocage Coupe feu sur bac collaborant,\u00a0 Flocage Coupe Feu sous Toiture ...,\u00a0 Il est r\u00e9alis\u00e9 gr\u00e2ce \u00e0 la projection d'enduits Coupe Feu, de laine Coupe Feu ou bien de Mortiers Coupe Feu. En r\u00e8gle g\u00e9n\u00e9rale, selon les normes obligatoires, et pour les mises en conformit\u00e9s, Le Flocage Coupe Feu est n\u00e9cessaire dans les Magasins, Bureaux, Locaux industriels, entrep\u00f4ts de stockage, dans les Etablissements Recevant du Public...<\/p>\n<h4><\/h4>\n<h4>- Le Flocage Coupe Feu + Acoustique :<\/h4>\n<p>La protection Acoustique et Coupe Feu par projection d'un flocage permet d'obtenir les m\u00eames caract\u00e9ristiques que le flocage coupe feu classique, et, \u00e0 pour avantage d'apporter un affaiblissement Acoustique et Phonique avec r\u00e9sultats performants. Ce type de flocage Coupe feu \/ Acoustique est \u00e9galement utilis\u00e9 dans les commerces, Bars, Pubs, et autres locaux pouvant \u00e9mettre une g\u00e8ne vis \u00e0 vis des voisins. Notre proc\u00e9d\u00e9 s'applique \u00e9galement dans les studios d'enregistrements, ainsi que dans les locaux de machineries industriels.<\/p>\n<p>&nbsp;<\/p>\n<h3>D\u00e9finition de la Protection Incendie Passive :<\/h3>\n<p>La protection dite passive contre l'incendie regroupe l'ensemble des techniques et moyens mat\u00e9riels mis en \u0153uvre pour limiter les effets d'un incendie, une fois ce dernier d\u00e9clar\u00e9.<\/p>\n<p>La lutte contre l\u2019incendie a plusieurs\u00a0objectifs\u00a0comme par exemple d' \u00e9vacuer dans les d\u00e9lais les plus brefs toutes les personnes expos\u00e9es au risque,\u00a0favoriser l\u2019acc\u00e8s des moyens d\u2019intervention contre l\u2019incendie,\u00a0ralentir la propagation des feux,\u00a0\u00e9teindre l\u2019incendie ou encore\u00a0s\u00e9curiser la zone incendi\u00e9e.<\/p>\n<p>Alors que la <em>protection active<\/em> est principalement curative, visant \u00e0 secourir les victimes et \u00e0 \u00e9teindre un feu aussi vite que possible apr\u00e8s sa d\u00e9tection, la\u00a0protection passive contre l\u2019incendie dans les b\u00e2timents est essentiellement pr\u00e9ventive.\u00a0Elle repr\u00e9sente l\u2019ensemble des mesures constructives permettant \u00e0 un ouvrage ou une partie d\u2019ouvrage de r\u00e9sister \u00e0 un incendie pendant un temps pr\u00e9d\u00e9termin\u00e9 fix\u00e9 par la r\u00e9glementation de construction en vigueur pour le type de b\u00e2timent concern\u00e9. Ces mesures sont destin\u00e9es \u00e0 stopper la progression des fum\u00e9es, \u00e9viter la propagation des flammes, maintenir la stabilit\u00e9 au feu des \u00e9l\u00e9ments de structure le plus longtemps possible malgr\u00e9 l\u2019action d\u2019un incendie et xontenir les effets thermiques le plus longtemps possible \u00e0 la zone sinistr\u00e9e.<\/p>\n<p>La principale sp\u00e9cificit\u00e9 de la protection passive est que d\u00e8s le d\u00e9but d\u2019un incendie, elle fonctionne sans aucune intervention humaine ni aucun apport ext\u00e9rieur d\u2019\u00e9nergie.\u00a0Il s'agit d'une protection durable, l\u2019efficacit\u00e9 de la plupart des produits utilis\u00e9s dans la protection passive n\u2019\u00e9tant pas limit\u00e9e dans le temps.<\/p>\n<p>&nbsp;<\/p>\n<\/div><\/div><\/div><div id=\"pgc-2159-0-1\"  class=\"panel-grid-cell\" ><div id=\"panel-2159-0-1-0\" class=\"so-panel widget widget_sow-slider panel-first-child panel-last-child\" data-index=\"1\" ><div\n\t\t\t\n\t\t\tclass=\"so-widget-sow-slider so-widget-sow-slider-default-6d39609536fd-2159\"\n\t\t\t\n\t\t>\t\t\t\t<div class=\"sow-slider-base\" style=\"display: none\" tabindex=\"0\">\n\t\t\t\t\t<ul\n\t\t\t\t\tclass=\"sow-slider-images\"\n\t\t\t\t\tdata-settings=\"{&quot;pagination&quot;:true,&quot;speed&quot;:800,&quot;timeout&quot;:8000,&quot;paused&quot;:false,&quot;pause_on_hover&quot;:false,&quot;swipe&quot;:true,&quot;nav_always_show_desktop&quot;:&quot;&quot;,&quot;nav_always_show_mobile&quot;:&quot;&quot;,&quot;breakpoint&quot;:&quot;780px&quot;,&quot;unmute&quot;:false,&quot;anchor&quot;:null}\"\n\t\t\t\t\t\t\t\t\t\tdata-anchor-id=\"\"\n\t\t\t\t>\t\t<li class=\"sow-slider-image\" style=\"visibility: visible;\" >\n\t\t\t\t\t\t<img loading=\"lazy\" decoding=\"async\" width=\"555\" height=\"416\" src=\"https:\/\/france-isolation.com\/wp-content\/uploads\/2014\/10\/Flocage-sur-plancher-en-bois.jpg\" class=\"sow-slider-background-image\" alt=\"Flocage sur charpente en bois\" style=\"\" srcset=\"https:\/\/france-isolation.com\/wp-content\/uploads\/2014\/10\/Flocage-sur-plancher-en-bois.jpg 555w, https:\/\/france-isolation.com\/wp-content\/uploads\/2014\/10\/Flocage-sur-plancher-en-bois-300x225.jpg 300w, https:\/\/france-isolation.com\/wp-content\/uploads\/2014\/10\/Flocage-sur-plancher-en-bois-100x75.jpg 100w\" sizes=\"auto, (max-width: 555px) 100vw, 555px\" \/>\t\t<\/li>\n\t\t\t\t<li class=\"sow-slider-image\" style=\"visibility: hidden;\" >\n\t\t\t\t\t\t<img loading=\"lazy\" decoding=\"async\" width=\"2560\" height=\"1920\" src=\"https:\/\/france-isolation.com\/wp-content\/uploads\/2015\/06\/Flocageplatre-Coupe-feu.jpg\" class=\"sow-slider-background-image\" alt=\"Flocage platre coupe feu\" style=\"\" srcset=\"https:\/\/france-isolation.com\/wp-content\/uploads\/2015\/06\/Flocageplatre-Coupe-feu.jpg 2560w, https:\/\/france-isolation.com\/wp-content\/uploads\/2015\/06\/Flocageplatre-Coupe-feu-300x225.jpg 300w, https:\/\/france-isolation.com\/wp-content\/uploads\/2015\/06\/Flocageplatre-Coupe-feu-768x576.jpg 768w, https:\/\/france-isolation.com\/wp-content\/uploads\/2015\/06\/Flocageplatre-Coupe-feu-1024x768.jpg 1024w, https:\/\/france-isolation.com\/wp-content\/uploads\/2015\/06\/Flocageplatre-Coupe-feu-555x416.jpg 555w, https:\/\/france-isolation.com\/wp-content\/uploads\/2015\/06\/Flocageplatre-Coupe-feu-100x75.jpg 100w, https:\/\/france-isolation.com\/wp-content\/uploads\/2015\/06\/Flocageplatre-Coupe-feu-600x450.jpg 600w\" sizes=\"auto, (max-width: 2560px) 100vw, 2560px\" \/>\t\t<\/li>\n\t\t\t\t<li class=\"sow-slider-image\" style=\"visibility: hidden;\" >\n\t\t\t\t\t\t<img loading=\"lazy\" decoding=\"async\" width=\"555\" height=\"416\" src=\"https:\/\/france-isolation.com\/wp-content\/uploads\/2014\/10\/Intervention-de-flocage-anti-feu.jpg\" class=\"sow-slider-background-image\" alt=\"flocage anti feu de plafond, plancher\" style=\"\" srcset=\"https:\/\/france-isolation.com\/wp-content\/uploads\/2014\/10\/Intervention-de-flocage-anti-feu.jpg 555w, https:\/\/france-isolation.com\/wp-content\/uploads\/2014\/10\/Intervention-de-flocage-anti-feu-300x225.jpg 300w, https:\/\/france-isolation.com\/wp-content\/uploads\/2014\/10\/Intervention-de-flocage-anti-feu-100x75.jpg 100w\" sizes=\"auto, (max-width: 555px) 100vw, 555px\" \/>\t\t<\/li>\n\t\t\t\t<li class=\"sow-slider-image\" style=\"visibility: hidden;\" >\n\t\t\t\t\t\t<img loading=\"lazy\" decoding=\"async\" width=\"555\" height=\"416\" src=\"https:\/\/france-isolation.com\/wp-content\/uploads\/2014\/10\/flocage-pateux-platre-coupe-feu.jpg\" class=\"sow-slider-background-image\" alt=\"flocage pateux platre coupe feu\" style=\"\" srcset=\"https:\/\/france-isolation.com\/wp-content\/uploads\/2014\/10\/flocage-pateux-platre-coupe-feu.jpg 555w, https:\/\/france-isolation.com\/wp-content\/uploads\/2014\/10\/flocage-pateux-platre-coupe-feu-300x225.jpg 300w, https:\/\/france-isolation.com\/wp-content\/uploads\/2014\/10\/flocage-pateux-platre-coupe-feu-100x75.jpg 100w\" sizes=\"auto, (max-width: 555px) 100vw, 555px\" \/>\t\t<\/li>\n\t\t\t\t<li class=\"sow-slider-image\" style=\"visibility: hidden;\" >\n\t\t\t\t\t\t<img loading=\"lazy\" decoding=\"async\" width=\"555\" height=\"416\" src=\"https:\/\/france-isolation.com\/wp-content\/uploads\/2014\/10\/flocage-coupe-feu-sous-toiture.jpg\" class=\"sow-slider-background-image\" alt=\"flocage coupe feu sous toiture, pare flamme 1\/2h, 1h, 2h\" style=\"\" srcset=\"https:\/\/france-isolation.com\/wp-content\/uploads\/2014\/10\/flocage-coupe-feu-sous-toiture.jpg 555w, https:\/\/france-isolation.com\/wp-content\/uploads\/2014\/10\/flocage-coupe-feu-sous-toiture-300x225.jpg 300w, https:\/\/france-isolation.com\/wp-content\/uploads\/2014\/10\/flocage-coupe-feu-sous-toiture-100x75.jpg 100w\" sizes=\"auto, (max-width: 555px) 100vw, 555px\" \/>\t\t<\/li>\n\t\t\t\t<li class=\"sow-slider-image\" style=\"visibility: hidden;\" >\n\t\t\t\t\t\t<img loading=\"lazy\" decoding=\"async\" width=\"555\" height=\"416\" src=\"https:\/\/france-isolation.com\/wp-content\/uploads\/2014\/10\/flocage-dans-locaux-entrepots-et-usines.jpg\" class=\"sow-slider-background-image\" alt=\"flocage dans locaux entrepots et usines\" style=\"\" srcset=\"https:\/\/france-isolation.com\/wp-content\/uploads\/2014\/10\/flocage-dans-locaux-entrepots-et-usines.jpg 555w, https:\/\/france-isolation.com\/wp-content\/uploads\/2014\/10\/flocage-dans-locaux-entrepots-et-usines-300x225.jpg 300w, https:\/\/france-isolation.com\/wp-content\/uploads\/2014\/10\/flocage-dans-locaux-entrepots-et-usines-100x75.jpg 100w\" sizes=\"auto, (max-width: 555px) 100vw, 555px\" \/>\t\t<\/li>\n\t\t\t\t<li class=\"sow-slider-image\" style=\"visibility: hidden;\" >\n\t\t\t\t\t\t<img loading=\"lazy\" decoding=\"async\" width=\"555\" height=\"416\" src=\"https:\/\/france-isolation.com\/wp-content\/uploads\/2014\/10\/Traitement-coupe-feu-sous-bac-acier.jpg\" class=\"sow-slider-background-image\" alt=\"Traitement coupe feu sous bac acier collaborant et poutre charpente m\u00e9tallique par flocage\" style=\"\" srcset=\"https:\/\/france-isolation.com\/wp-content\/uploads\/2014\/10\/Traitement-coupe-feu-sous-bac-acier.jpg 555w, https:\/\/france-isolation.com\/wp-content\/uploads\/2014\/10\/Traitement-coupe-feu-sous-bac-acier-300x225.jpg 300w, https:\/\/france-isolation.com\/wp-content\/uploads\/2014\/10\/Traitement-coupe-feu-sous-bac-acier-100x75.jpg 100w\" sizes=\"auto, (max-width: 555px) 100vw, 555px\" \/>\t\t<\/li>\n\t\t<\/ul>\t\t\t\t<ol class=\"sow-slider-pagination\">\n\t\t\t\t\t\t\t\t\t\t\t<li><a href=\"#\" data-goto=\"0\" aria-label=\"Display slide 1\"><\/a><\/li>\n\t\t\t\t\t\t\t\t\t\t\t<li><a href=\"#\" data-goto=\"1\" aria-label=\"Display slide 2\"><\/a><\/li>\n\t\t\t\t\t\t\t\t\t\t\t<li><a href=\"#\" data-goto=\"2\" aria-label=\"Display slide 3\"><\/a><\/li>\n\t\t\t\t\t\t\t\t\t\t\t<li><a href=\"#\" data-goto=\"3\" aria-label=\"Display slide 4\"><\/a><\/li>\n\t\t\t\t\t\t\t\t\t\t\t<li><a href=\"#\" data-goto=\"4\" aria-label=\"Display slide 5\"><\/a><\/li>\n\t\t\t\t\t\t\t\t\t\t\t<li><a href=\"#\" data-goto=\"5\" aria-label=\"Display slide 6\"><\/a><\/li>\n\t\t\t\t\t\t\t\t\t\t\t<li><a href=\"#\" data-goto=\"6\" aria-label=\"Display slide 7\"><\/a><\/li>\n\t\t\t\t\t\t\t\t\t<\/ol>\n\n\t\t\t\t<div class=\"sow-slide-nav sow-slide-nav-next\">\n\t\t\t\t\t<a href=\"#\" data-goto=\"next\" aria-label=\"Next slide\" data-action=\"next\">\n\t\t\t\t\t\t<em class=\"sow-sld-icon-thin-right\"><\/em>\n\t\t\t\t\t<\/a>\n\t\t\t\t<\/div>\n\n\t\t\t\t<div class=\"sow-slide-nav sow-slide-nav-prev\">\n\t\t\t\t\t<a href=\"#\" data-goto=\"previous\" aria-label=\"Previous slide\" data-action=\"prev\">\n\t\t\t\t\t\t<em class=\"sow-sld-icon-thin-left\"><\/em>\n\t\t\t\t\t<\/a>\n\t\t\t\t<\/div>\n\t\t\t\t<\/div><\/div><\/div><\/div><\/div><div id=\"pg-2159-1\"  class=\"panel-grid panel-no-style\" ><div id=\"pgc-2159-1-0\"  class=\"panel-grid-cell\" ><div id=\"panel-2159-1-0-0\" class=\"so-panel widget widget_black-studio-tinymce widget_black_studio_tinymce panel-first-child panel-last-child\" data-index=\"2\" ><h3 class=\"widget-title\">Flocage Fibreux<\/h3><div class=\"textwidget\"><p>Le <a href=\"https:\/\/fr.wikipedia.org\/wiki\/Flocage_(b%C3%A2timent)\" rel=\"noopener\" target=\"_blank\">Flocage<\/a> fibreux des produits tels que le Protec Flamme, l\u2019Isoflam, le Promaspray F250, le Dossolan 3000 et autres \u00e9quivalents se r\u00e9alise par projection pneumatique. Nous effectuons pr\u00e9alablement \u00e0 la projection de laine une pr\u00e9paration des supports consistant \u00e0 nettoyer, d\u00e9graisser et d\u00e9poussi\u00e9rer les supports. Ensuite \u00e0 l\u2019aide d\u2019une pompe ou d\u2019un rouleau \u00e0 colle, nous appliquons le primaire d\u2019accroche qui assurera la bonne tenue du flocage coupe-feu et stable feu. Une fois projet\u00e9, le flocage sera \u00e9cras\u00e9 de diff\u00e9rentes mani\u00e8res suivant les types de supports. Sa couleur finale est dans les tons gris souris clairs. <a href=\"https:\/\/france-isolation.com\/devis-gratuit-flocage\/\" rel=\"noopener\" target=\"_blank\">Demandez vote devis d\u00e8s maintenant<\/a>.<\/p>\n<\/div><\/div><\/div><div id=\"pgc-2159-1-1\"  class=\"panel-grid-cell\" ><div id=\"panel-2159-1-1-0\" class=\"so-panel widget widget_black-studio-tinymce widget_black_studio_tinymce panel-first-child panel-last-child\" data-index=\"3\" ><h3 class=\"widget-title\">Flocage P\u00e2teux<\/h3><div class=\"textwidget\"><p>Le Flocage p\u00e2teux des produits tels que le MK6, le Promaspray P300, le Dossalack 250 ou 350P et autres \u00e9quivalents se r\u00e9alise par projection \u00e0 l\u2019aide de machine \u00e0 pl\u00e2tre. Nous effectuons pr\u00e9alablement \u00e0 la projection d\u2019enduits p\u00e2teux une pr\u00e9paration des supports consistant \u00e0 nettoyer, d\u00e9graisser et d\u00e9poussi\u00e9rer les supports.\u00a0Ensuite \u00e0 l\u2019aide d\u2019une pompe ou d\u2019un rouleau \u00e0 colle, nous appliquons le primaire d\u2019accroche qui assurera la bonne tenue du flocage coupe-feu et stable feu.\u00a0Une fois le flocage P\u00e2teux projet\u00e9, celui-ci garde le plus souvent une finition brute de projection. Sa couleur finale varie selon les produits entre le gris clair et le blanc cass\u00e9.<\/p>\n<\/div><\/div><\/div><\/div><div id=\"pg-2159-2\"  class=\"panel-grid panel-no-style\" ><div id=\"pgc-2159-2-0\"  class=\"panel-grid-cell\" ><div id=\"panel-2159-2-0-0\" class=\"so-panel widget widget_black-studio-tinymce widget_black_studio_tinymce panel-first-child panel-last-child\" data-index=\"4\" ><h3 class=\"widget-title\">Domaines d&rsquo;Applications \/ Niveau de Protection Coupe Feu<\/h3><div class=\"textwidget\"><h4>Flocage Coupe Feu des Structures porteuses en acier:<\/h4>\n<p>-Stabilit\u00e9 au Feu sur charpente m\u00e9tallique 1\/h \u00e0 3 heures<\/p>\n<h4>Flocage Coupe Feu des Planchers b\u00e9tons et hourdis:<\/h4>\n<p>-Flocage Coupe Feu de 1\/2h \u00e0 6 heures<\/p>\n<h4>Flocage Coupe Feu sur Planchers bois, protection coupe feu par flocage anti incendie permettant:<\/h4>\n<p>-Flocage Coupe Feu \u00bd heure \u00e0 3 heures<\/p>\n<h4>Flocage Coupe Feu sur Planchers mixtes avec pl\u00e2tres, lattis-bois etc:<\/h4>\n<p>-Flocage Coupe Feu de 1\/2 h \u00e0 3 heures<\/p>\n<h4>Flocage Coupe Feu sur Bac acier collaborant, projection d\u2019enduits ou laine:<\/h4>\n<p>-Flocage Coupe Feu de 1\/2 h \u00e0 3 heures<\/p>\n<h4>Flocage Coupe Feu sur Bac acier simple peau, projection d\u2019enduits ou laine:<\/h4>\n<p>-Flocage Coupe Feu de 1\/2h \u00e0\u00a0 3 heures<\/p>\n<h4>Flocage Coupe Feu sur Bardages m\u00e9tallique:<\/h4>\n<p>-Flocage Coupe Feu 1\/2 heure \u00e0 3 Heures<\/p>\n<h4>Flocage Coupe Feu Sous toiture:<\/h4>\n<p>-Coupe feu et Pare Flamme de 1\/2 h \u00e0 3 heures<\/p>\n<h4>Flocage Coupe Feu sur Planchers en brique rouge (c\u00e9ramique):<\/h4>\n<p>-Flocage Coupe Feu de 1\/2 h \u00e0 3 heures<\/p>\n<\/div><\/div><\/div><\/div><\/div>","protected":false},"excerpt":{"rendered":"<p>We offer commitment at all levels of building project, from preparing for construction to construction management services. For years, we have successfully met our client\u2019s demand for cost effective and responsive services.<\/p>\n","protected":false},"author":1,"featured_media":0,"parent":2157,"menu_order":0,"comment_status":"closed","ping_status":"closed","template":"","meta":{"footnotes":""},"class_list":["post-2159","page","type-page","status-publish","hentry"],"_links":{"self":[{"href":"https:\/\/france-isolation.com\/index.php?rest_route=\/wp\/v2\/pages\/2159","targetHints":{"allow":["GET"]}}],"collection":[{"href":"https:\/\/france-isolation.com\/index.php?rest_route=\/wp\/v2\/pages"}],"about":[{"href":"https:\/\/france-isolation.com\/index.php?rest_route=\/wp\/v2\/types\/page"}],"author":[{"embeddable":true,"href":"https:\/\/france-isolation.com\/index.php?rest_route=\/wp\/v2\/users\/1"}],"replies":[{"embeddable":true,"href":"https:\/\/france-isolation.com\/index.php?rest_route=%2Fwp%2Fv2%2Fcomments&post=2159"}],"version-history":[{"count":45,"href":"https:\/\/france-isolation.com\/index.php?rest_route=\/wp\/v2\/pages\/2159\/revisions"}],"predecessor-version":[{"id":3182,"href":"https:\/\/france-isolation.com\/index.php?rest_route=\/wp\/v2\/pages\/2159\/revisions\/3182"}],"up":[{"embeddable":true,"href":"https:\/\/france-isolation.com\/index.php?rest_route=\/wp\/v2\/pages\/2157"}],"wp:attachment":[{"href":"https:\/\/france-isolation.com\/index.php?rest_route=%2Fwp%2Fv2%2Fmedia&parent=2159"}],"curies":[{"name":"wp","href":"https:\/\/api.w.org\/{rel}","templated":true}]}}