{"id":2157,"date":"2024-05-03T00:26:31","date_gmt":"2024-05-02T23:26:31","guid":{"rendered":"https:\/\/demo.proteusthemes.com\/buildpress\/?page_id=49"},"modified":"2024-05-05T18:11:22","modified_gmt":"2024-05-05T17:11:22","slug":"nos-activites","status":"publish","type":"page","link":"https:\/\/france-isolation.com\/?page_id=2157","title":{"rendered":"Nos Activit\u00e9s en Flocage Coupe Feu \/ Acoustique \/ Thermique etc."},"content":{"rendered":"<div id=\"pl-2157\"  class=\"panel-layout\" ><div id=\"pg-2157-0\"  class=\"panel-grid panel-no-style\" ><div id=\"pgc-2157-0-0\"  class=\"panel-grid-cell\" ><div id=\"panel-2157-0-0-0\" class=\"so-panel widget widget_black-studio-tinymce widget_black_studio_tinymce panel-first-child panel-last-child\" data-index=\"0\" ><div class=\"textwidget\"><p><img loading=\"lazy\" decoding=\"async\" class=\" size-full wp-image-2492 alignnone\" src=\"http:\/\/france-isolation.com\/wp-content\/uploads\/2014\/10\/flocage-pateux-poteaux-poutres.jpg\" alt=\"t2\" width=\"300\" height=\"160\" \/><\/p>\n<h5 style=\"text-align: left;\">FLOCAGE\u00a0COUPE FEU<\/h5>\n<p>Le Flocage Coupe Feu projet\u00e9 permet d'apporter\u00a0une dur\u00e9e de protection au feu\u00a0sur les supports suivants : Flocage Coupe Feu sur B\u00e9ton 6H , Flocage Coupe Feu sur bois 3H, Flocage Coupe Feu sur Bac Acier 3H, Flocage Coupe Feu sur pl\u00e2tre 3H,\u00a0Flocage Coupe Feu\u00a0sur Charpente M\u00e9tal 3H,\u00a0Flocage Coupe Feu Sous Toiture 3h ...<\/p>\n<p style=\"text-align: left;\"><strong><a href=\"http:\/\/france-isolation.com\/nos-activites\/flocage-coupe-feu\/\">EN SAVOIR PLUS<\/a><\/strong><\/p>\n<\/div><\/div><\/div><div id=\"pgc-2157-0-1\"  class=\"panel-grid-cell\" ><div id=\"panel-2157-0-1-0\" class=\"so-panel widget widget_black-studio-tinymce widget_black_studio_tinymce panel-first-child panel-last-child\" data-index=\"1\" ><div class=\"textwidget\"><p><img loading=\"lazy\" decoding=\"async\" class=\"alignnone size-full wp-image-2586\" src=\"http:\/\/france-isolation.com\/wp-content\/uploads\/2014\/10\/Traitement-coupe-feu-beton-par-flocage-projete-de-laine-coupe-feu.jpg\" alt=\"image\" width=\"262\" height=\"140\" \/><\/p>\n<h5 style=\"text-align: left;\">FLOCAGE THERMIQUE<\/h5>\n<p>Dans le but d'obtenir les meilleures performances thermiques\u00a0et \u00e9viter les d\u00e9perditions, il existe diff\u00e9rentes possibilit\u00e9s de lutter contre le froid, nous proposons des laines de laitier, laine de verre, etc..., La solution de Projection de Flocage Thermique permet d'obtenir \u00e9galement des performances Coupe Feu et Acoustique...<\/p>\n<p style=\"text-align: left;\"><a href=\"http:\/\/france-isolation.com\/nos-activites\/flocage-thermique\/\"><strong>EN SAVOIR PLUS<\/strong><\/a><\/p>\n<\/div><\/div><\/div><div id=\"pgc-2157-0-2\"  class=\"panel-grid-cell\" ><div id=\"panel-2157-0-2-0\" class=\"so-panel widget widget_black-studio-tinymce widget_black_studio_tinymce panel-first-child panel-last-child\" data-index=\"2\" ><div class=\"textwidget\"><p><img loading=\"lazy\" decoding=\"async\" class=\"alignnone size-full wp-image-2591\" src=\"http:\/\/france-isolation.com\/wp-content\/uploads\/2014\/10\/flocage-anti-feu-pateux.jpg\" alt=\"image2\" width=\"262\" height=\"140\" \/><\/p>\n<h5>FLOCAGE\u00a0ACOUSTIQUE<\/h5>\n<p>La Protection Acoustique &amp; Phonique r\u00e9aliser par un Flocage Acoustique Projet\u00e9 de produit \u00e0 base de vermiculite ou de laitier permet d'obtenir des r\u00e9sultats tr\u00e8s performants. Nous r\u00e9alisons r\u00e9guli\u00e8rement des Protections Acoustiques dans les locaux de types ERP, Commerces, industries, mais aussi chez les particuliers...<\/p>\n<p><a href=\"http:\/\/france-isolation.com\/nos-activites\/flocage-acoustique\/\"><strong>EN SAVOIR PLUS<\/strong><\/a><\/p>\n<h5 style=\"text-align: left;\"><\/h5>\n<\/div><\/div><\/div><\/div><div id=\"pg-2157-1\"  class=\"panel-grid panel-no-style\" ><div id=\"pgc-2157-1-0\"  class=\"panel-grid-cell\" ><div id=\"panel-2157-1-0-0\" class=\"so-panel widget widget_black-studio-tinymce widget_black_studio_tinymce panel-first-child panel-last-child\" data-index=\"3\" ><div class=\"textwidget\"><p><a href=\"http:\/\/france-isolation.com\/nos-activites\/peinture-coupe-feu\/\"><img loading=\"lazy\" decoding=\"async\" class=\"alignnone size-full wp-image-2500\" src=\"http:\/\/france-isolation.com\/wp-content\/uploads\/2014\/10\/flocage-de-plafond-en-bois.jpg\" alt=\"t4\" width=\"300\" height=\"160\" \/><\/a><\/p>\n<h5 style=\"text-align: left;\">PEINTURE INTUMESCENTE<\/h5>\n<p>Les nouvelles g\u00e9n\u00e9rations de peinture intumescente que nous utilisons permettent, \u00e0 moindre co\u00fbt, d'apporter une solution coupe-feu et stable au feu jusqu'a 2 heures sur support b\u00e9ton, m\u00e9tal et autres rev\u00eatements.<\/p>\n<p style=\"text-align: left;\"><strong><a href=\"http:\/\/france-isolation.com\/nos-activites\/peinture-coupe-feu\/\">EN SAVOIR PLUS<\/a><\/strong><\/p>\n<\/div><\/div><\/div><div id=\"pgc-2157-1-1\"  class=\"panel-grid-cell\" ><div id=\"panel-2157-1-1-0\" class=\"so-panel widget widget_black-studio-tinymce widget_black_studio_tinymce panel-first-child panel-last-child\" data-index=\"4\" ><div class=\"textwidget\"><p><a href=\"http:\/\/france-isolation.com\/nos-activites\/solutions-anti-condensation\/\"><img loading=\"lazy\" decoding=\"async\" class=\"alignnone size-full wp-image-2502\" src=\"http:\/\/france-isolation.com\/wp-content\/uploads\/2014\/10\/plafond-coupe-feu-en-flocage.jpg\" alt=\"t5\" width=\"300\" height=\"160\" \/><\/a><\/p>\n<h5 style=\"text-align: left;\">FLOCAGE\u00a0ANTI-CONDENSATION<\/h5>\n<p>La Protection Anti Condensation est une n\u00e9cessit\u00e9 dans les locaux industriels, dans les entrep\u00f4ts, ainsi que dans les hangars. Le traitement de la condensation commence par la compr\u00e9hension de son ph\u00e9nom\u00e8ne, il s'agit d'un \u00e9change de flux d'air chaud et air froid qui se transforme en un point de ros\u00e9...<\/p>\n<p style=\"text-align: left;\"><a href=\"http:\/\/france-isolation.com\/nos-activites\/flocage-anti-condensation\/\"><strong>EN SAVOIR PLUS<\/strong><\/a><\/p>\n<\/div><\/div><\/div><div id=\"pgc-2157-1-2\"  class=\"panel-grid-cell\" ><div id=\"panel-2157-1-2-0\" class=\"so-panel widget widget_black-studio-tinymce widget_black_studio_tinymce panel-first-child panel-last-child\" data-index=\"5\" ><div class=\"textwidget\"><p><a href=\"http:\/\/france-isolation.com\/nos-activites\/chemins-cables-coupe-feu\/\"><img loading=\"lazy\" decoding=\"async\" class=\"alignnone size-full wp-image-2504\" src=\"http:\/\/france-isolation.com\/wp-content\/uploads\/2014\/10\/encoffrement-chemin-cable.jpg\" alt=\"t6\" width=\"300\" height=\"160\" \/><\/a><\/p>\n<h5>CHEMINS C\u00c2BLES COUPE FEU<\/h5>\n<p>Nous r\u00e9alisons l'encoffrement des chemins de c\u00e2ble par pose de plaques ou de caniveaux 4 faces. Cette solution permet d'apporter un coupe feu d'une demi-heure \u00e0 3 heures. D'autres solutions innovantes sont en cours de d\u00e9veloppement.<\/p>\n<p style=\"text-align: left;\"><strong><a href=\"http:\/\/france-isolation.com\/nos-activites\/chemins-cables-coupe-feu\/\">EN SAVOIR PLUS<\/a><\/strong><\/p>\n<\/div><\/div><\/div><\/div><div id=\"pg-2157-2\"  class=\"panel-grid panel-no-style\" ><div id=\"pgc-2157-2-0\"  class=\"panel-grid-cell\" ><div id=\"panel-2157-2-0-0\" class=\"so-panel widget widget_black-studio-tinymce widget_black_studio_tinymce panel-first-child panel-last-child\" data-index=\"6\" ><div class=\"textwidget\"><p><a href=\"http:\/\/france-isolation.com\/nos-activites\/gaines-coupe-feu\/\"><img loading=\"lazy\" decoding=\"async\" class=\"alignnone size-full wp-image-2506\" src=\"http:\/\/france-isolation.com\/wp-content\/uploads\/2014\/10\/gaine-coupe-feu.jpg\" alt=\"t7\" width=\"300\" height=\"160\" \/><\/a>\u00a0<\/p>\n<h5 style=\"text-align: left;\">GAINES\u00a0COUPE FEU<\/h5>\n<p>En d\u00e9sanfumage\/ventilation, verticaux ou horizontaux, nous r\u00e9alisons\u00a0des\u00a0gaines coupe-feu de 1 \u00e0 4 heures de type PROMAT L500 ou \u00e9quivalent. Dimensionement selon vos\u00a0besoins\u00a0afin d'assurer un flux\/d\u00e9bit important.<\/p>\n<p style=\"text-align: left;\"><strong><a href=\"http:\/\/france-isolation.com\/nos-activites\/gaines-coupe-feu\/\">EN SAVOIR PLUS<\/a><\/strong><\/p>\n<\/div><\/div><\/div><div id=\"pgc-2157-2-1\"  class=\"panel-grid-cell\" ><div id=\"panel-2157-2-1-0\" class=\"so-panel widget widget_black-studio-tinymce widget_black_studio_tinymce panel-first-child panel-last-child\" data-index=\"7\" ><div class=\"textwidget\"><p><a href=\"http:\/\/france-isolation.com\/wp-content\/uploads\/2018\/07\/soufflage-comble-isolation-flocage-france-isolation.jpg\"><img loading=\"lazy\" decoding=\"async\" class=\"alignnone wp-image-2820\" src=\"http:\/\/france-isolation.com\/wp-content\/uploads\/2018\/07\/soufflage-comble-isolation-flocage-france-isolation.jpg\" alt=\"\" width=\"211\" height=\"140\" srcset=\"https:\/\/france-isolation.com\/wp-content\/uploads\/2018\/07\/soufflage-comble-isolation-flocage-france-isolation.jpg 1000w, https:\/\/france-isolation.com\/wp-content\/uploads\/2018\/07\/soufflage-comble-isolation-flocage-france-isolation-600x398.jpg 600w, https:\/\/france-isolation.com\/wp-content\/uploads\/2018\/07\/soufflage-comble-isolation-flocage-france-isolation-300x199.jpg 300w, https:\/\/france-isolation.com\/wp-content\/uploads\/2018\/07\/soufflage-comble-isolation-flocage-france-isolation-768x510.jpg 768w, https:\/\/france-isolation.com\/wp-content\/uploads\/2018\/07\/soufflage-comble-isolation-flocage-france-isolation-360x240.jpg 360w, https:\/\/france-isolation.com\/wp-content\/uploads\/2018\/07\/soufflage-comble-isolation-flocage-france-isolation-555x369.jpg 555w, https:\/\/france-isolation.com\/wp-content\/uploads\/2018\/07\/soufflage-comble-isolation-flocage-france-isolation-272x182.jpg 272w\" sizes=\"auto, (max-width: 211px) 100vw, 211px\" \/><\/a><\/p>\n<h5 style=\"text-align: left;\">SOUFFLAGE<\/h5>\n<p>Dans les combles perdues, parois et planchers creux, notre gamme de produits projet\u00e9s par insufflation apportent de grandes performances \u00e9nerg\u00e9tiques tout en supprimant les ponts thermiques. Nombre de particuliers sont satisfaits...<\/p>\n<p style=\"text-align: left;\"><strong><a href=\"http:\/\/france-isolation.com\/nos-activites\/soufflage\/\">EN SAVOIR PLUS<\/a><\/strong><\/p>\n<\/div><\/div><\/div><div id=\"pgc-2157-2-2\"  class=\"panel-grid-cell\" ><div id=\"panel-2157-2-2-0\" class=\"so-panel widget widget_black-studio-tinymce widget_black_studio_tinymce panel-first-child panel-last-child\" data-index=\"8\" ><div class=\"textwidget\"><p><a href=\"http:\/\/france-isolation.com\/nos-activites\/autres-activites\/\"><img loading=\"lazy\" decoding=\"async\" class=\"alignnone size-full wp-image-2509\" src=\"http:\/\/france-isolation.com\/wp-content\/uploads\/2014\/10\/sablage.jpg\" alt=\"t9\" width=\"300\" height=\"160\" \/><\/a>\u00a0<\/p>\n<h5 style=\"text-align: left;\">AUTRES ACTIVITES<\/h5>\n<p>Sablage hydrogommage, fourniture et pose de joints de dilatation coupe feu, projection de mousse de polyur\u00e9thane, enduits de finition sur flocage existant, remise en coformot\u00e9 de flocage, fourniture et pose et de panneaux isolants FibraX<\/p>\n<p style=\"text-align: left;\"><strong><a href=\"http:\/\/france-isolation.com\/nos-activites\/autres-activites\/\">EN SAVOIR PLUS<\/a><\/strong><\/p>\n<\/div><\/div><\/div><\/div><\/div>","protected":false},"excerpt":{"rendered":"<p>FLOCAGE\u00a0COUPE FEU Le Flocage Coupe Feu projet\u00e9 permet d&rsquo;apporter\u00a0une dur\u00e9e de protection au feu\u00a0sur les supports suivants : Flocage Coupe Feu sur B\u00e9ton 6H , Flocage Coupe Feu sur bois 3H, Flocage Coupe Feu sur Bac Acier 3H, Flocage Coupe Feu sur pl\u00e2tre 3H,\u00a0Flocage Coupe Feu\u00a0sur Charpente M\u00e9tal 3H,\u00a0Flocage Coupe Feu Sous Toiture 3h &#8230; &hellip;<\/p>\n","protected":false},"author":1,"featured_media":2820,"parent":0,"menu_order":0,"comment_status":"closed","ping_status":"open","template":"","meta":{"footnotes":""},"class_list":["post-2157","page","type-page","status-publish","has-post-thumbnail","hentry"],"_links":{"self":[{"href":"https:\/\/france-isolation.com\/index.php?rest_route=\/wp\/v2\/pages\/2157","targetHints":{"allow":["GET"]}}],"collection":[{"href":"https:\/\/france-isolation.com\/index.php?rest_route=\/wp\/v2\/pages"}],"about":[{"href":"https:\/\/france-isolation.com\/index.php?rest_route=\/wp\/v2\/types\/page"}],"author":[{"embeddable":true,"href":"https:\/\/france-isolation.com\/index.php?rest_route=\/wp\/v2\/users\/1"}],"replies":[{"embeddable":true,"href":"https:\/\/france-isolation.com\/index.php?rest_route=%2Fwp%2Fv2%2Fcomments&post=2157"}],"version-history":[{"count":103,"href":"https:\/\/france-isolation.com\/index.php?rest_route=\/wp\/v2\/pages\/2157\/revisions"}],"predecessor-version":[{"id":3151,"href":"https:\/\/france-isolation.com\/index.php?rest_route=\/wp\/v2\/pages\/2157\/revisions\/3151"}],"wp:featuredmedia":[{"embeddable":true,"href":"https:\/\/france-isolation.com\/index.php?rest_route=\/wp\/v2\/media\/2820"}],"wp:attachment":[{"href":"https:\/\/france-isolation.com\/index.php?rest_route=%2Fwp%2Fv2%2Fmedia&parent=2157"}],"curies":[{"name":"wp","href":"https:\/\/api.w.org\/{rel}","templated":true}]}}