{"id":171,"date":"2024-05-05T00:26:58","date_gmt":"2024-05-04T23:26:58","guid":{"rendered":"https:\/\/demo.proteusthemes.com\/buildpress\/?page_id=171"},"modified":"2025-10-30T18:05:37","modified_gmt":"2025-10-30T17:05:37","slug":"notre-societe-2","status":"publish","type":"page","link":"https:\/\/france-isolation.com\/?page_id=171","title":{"rendered":"Notre Soci\u00e9t\u00e9"},"content":{"rendered":"<div id=\"pl-171\"  class=\"panel-layout\" ><div id=\"pg-171-0\"  class=\"panel-grid panel-no-style\" ><div id=\"pgc-171-0-0\"  class=\"panel-grid-cell panel-grid-cell-empty\" ><\/div><div id=\"pgc-171-0-1\"  class=\"panel-grid-cell panel-grid-cell-empty\" ><\/div><div id=\"pgc-171-0-2\"  class=\"panel-grid-cell panel-grid-cell-empty\" ><\/div><div id=\"pgc-171-0-3\"  class=\"panel-grid-cell panel-grid-cell-empty\" ><\/div><div id=\"pgc-171-0-4\"  class=\"panel-grid-cell\" ><div id=\"panel-171-0-4-0\" class=\"so-panel widget widget_sow-button panel-first-child panel-last-child\" data-index=\"0\" ><div\n\t\t\t\n\t\t\tclass=\"so-widget-sow-button so-widget-sow-button-atom-8d3ac13cc710-171\"\n\t\t\t\n\t\t><div class=\"ow-button-base ow-button-align-center\"\n>\n\t\t\t<a\n\t\t\t\t\thref=\"http:\/\/france-isolation.com\/devis-gratuit\"\n\t\t\t\t\tclass=\"sowb-button ow-icon-placement-left ow-button-hover\" \t>\n\t\t<span>\n\t\t\t<span class=\"sow-icon-fontawesome sow-far\" data-sow-icon=\"&#xf0e0;\"\n\t\tstyle=\"\" \n\t\taria-hidden=\"true\"><\/span>\n\t\t\tDevis Gratuit\t\t<\/span>\n\t\t\t<\/a>\n\t<\/div>\n<\/div><\/div><\/div><\/div><div id=\"pg-171-1\"  class=\"panel-grid panel-no-style\" ><div id=\"pgc-171-1-0\"  class=\"panel-grid-cell\" ><div id=\"panel-171-1-0-0\" class=\"so-panel widget widget_black-studio-tinymce widget_black_studio_tinymce panel-first-child panel-last-child\" data-index=\"1\" ><h3 class=\"widget-title\">Entreprise De Flocage Coupe Feu &#8211; Thermique &#8211; Acoustique &#8211; Anti Condensation <\/h3><div class=\"textwidget\"><h3><strong>FRANCE ISOLATION<\/strong> est implant\u00e9e au c\u0153ur de la r\u00e9gion parisienne, elle a pour sp\u00e9cialit\u00e9\u00a0la protection\u00a0 <a href=\"http:\/\/france-isolation.com\/nos-activites\/solutions-coupe-feu\/\"><strong>Par Flocage Coupe Feu<\/strong><\/a> - <a href=\"http:\/\/france-isolation.com\/nos-activites\/solutions-thermique\/\"><strong>Thermique<\/strong><\/a> - <a href=\"http:\/\/france-isolation.com\/nos-activites\/solutions-acoustique\/\"><strong>Acoustique<\/strong><\/a> et <a href=\"http:\/\/france-isolation.com\/nos-activites\/solutions-acoustique\/\"><strong>Anti Condensation<\/strong><\/a> par projection de laine de roche, de laine de laitier, de mortier d'enduit et pl\u00e2tre.<\/h3>\n<p>&nbsp;<\/p>\n<p><a href=\"http:\/\/france-isolation.com\/nos-activites\/\">Les diff\u00e9rents proc\u00e9d\u00e9s de flocage projet\u00e9s<\/a> que nous avons d\u00e9velopp\u00e9 permettent de proposer aujourd'hui les solutions coupe feu, pare flamme et stable au feu parmi les plus performantes sur le march\u00e9.<\/p>\n<p>L'isolation thermique par projection d'isolant \u00e0 base de laine diverses et l'isolation phonique \/ acoustique sont deux activit\u00e9s compl\u00e9mentaires de notre m\u00e9tier.<\/p>\n<p>Notre rayon d'intervention, gr\u00e2ce \u00e0 nos implantations\u00a0r\u00e9gionales permettent aujourd'hui de suivre de nouveaux partenaires partout en France\u00a0ainsi qu'en Belgique.<\/p>\n<p>Choisir FRANCE ISOLATION c'est profiter de\u00a030 ann\u00e9es d'exp\u00e9rience dans le domaine du flocage. Un avantage certain de travailler avec un professionnel fiable, rapide et efficace dans le but d'assurer le parfait ach\u00e8vement de vos travaux.<\/p>\n<p>&nbsp;<\/p>\n<h4>Les travaux de Flocage Coupe Feu, Flocage Acoustique et Flocage Anti - Condensation sont assur\u00e9s dans les diff\u00e9rentes r\u00e9gions de France :<\/h4>\n<p>Pour Etre redirig\u00e9 imm\u00e9diatement vers votre charg\u00e9 de secteur et parler \u00e0 un Technico Commercial Composez le 06 68 38 11 36 ou cliquez sur votre r\u00e9gion dans la liste suivante pour une redirection vers notre formulaire de contact afin d'\u00eatre rappel\u00e9 au plus vite:\u00a0 <strong><a href=\"http:\/\/france-isolation.com\/contact-us\/\">HAUTS DE FRANCE<\/a>\u00a0 -\u00a0 <a href=\"http:\/\/france-isolation.com\/contact-us\/\">NORMANDIE<\/a>\u00a0 -\u00a0 <a href=\"http:\/\/france-isolation.com\/contact-us\/\">ILE DE FRANCE<\/a>\u00a0 -\u00a0 <a href=\"http:\/\/france-isolation.com\/contact-us\/\">GRAND EST<\/a>\u00a0 -\u00a0 <a href=\"http:\/\/france-isolation.com\/contact-us\/\">BRETAGNE<\/a>\u00a0 -\u00a0 <a href=\"http:\/\/france-isolation.com\/contact-us\/\">PAYS DE LA LOIRE<\/a>\u00a0 -\u00a0 <a href=\"http:\/\/france-isolation.com\/contact-us\/\">CENTRE VAL DE LOIRE<\/a> -\u00a0 <a href=\"http:\/\/france-isolation.com\/contact-us\/\">BOURGOGNE FRANCHE COMTE<\/a>\u00a0 -\u00a0 <a href=\"http:\/\/france-isolation.com\/contact-us\/\">NOUVELLE AQUITAINE<\/a>\u00a0 -\u00a0 <a href=\"http:\/\/france-isolation.com\/contact-us\/\">AUVERGNE RHONE ALPES<\/a>\u00a0 -\u00a0 <a href=\"http:\/\/france-isolation.com\/contact-us\/\">OCCITANIE<\/a>\u00a0 -\u00a0 <a href=\"http:\/\/france-isolation.com\/contact-us\/\">PROVENCE ALPES COTE D'AZUR<\/a><\/strong><\/p>\n<\/div><\/div><\/div><div id=\"pgc-171-1-1\"  class=\"panel-grid-cell\" ><div id=\"panel-171-1-1-0\" class=\"so-panel widget widget_black-studio-tinymce widget_black_studio_tinymce panel-first-child panel-last-child\" data-index=\"2\" ><div class=\"textwidget\"><p><img loading=\"lazy\" decoding=\"async\" class=\"alignnone size-full wp-image-2479\" src=\"http:\/\/france-isolation.com\/wp-content\/uploads\/2014\/10\/devis-et-etude-de-flocage-batiment.jpg\" alt=\"572362077-ingenieur-du-batiment-architecte-metier-technique-sans-fil-casque-de-protection\" width=\"960\" height=\"540\" srcset=\"https:\/\/france-isolation.com\/wp-content\/uploads\/2014\/10\/devis-et-etude-de-flocage-batiment.jpg 960w, https:\/\/france-isolation.com\/wp-content\/uploads\/2014\/10\/devis-et-etude-de-flocage-batiment-300x169.jpg 300w, https:\/\/france-isolation.com\/wp-content\/uploads\/2014\/10\/devis-et-etude-de-flocage-batiment-768x432.jpg 768w, https:\/\/france-isolation.com\/wp-content\/uploads\/2014\/10\/devis-et-etude-de-flocage-batiment-555x312.jpg 555w, https:\/\/france-isolation.com\/wp-content\/uploads\/2014\/10\/devis-et-etude-de-flocage-batiment-600x338.jpg 600w\" sizes=\"auto, (max-width: 960px) 100vw, 960px\" \/><\/p>\n<\/div><\/div><\/div><\/div><div id=\"pg-171-2\"  class=\"panel-grid panel-no-style\" ><div id=\"pgc-171-2-0\"  class=\"panel-grid-cell\" ><div id=\"panel-171-2-0-0\" class=\"so-panel widget widget_black-studio-tinymce widget_black_studio_tinymce panel-first-child panel-last-child\" data-index=\"3\" ><div class=\"textwidget\"><h4><img loading=\"lazy\" decoding=\"async\" class=\"alignnone size-full wp-image-2466\" src=\"http:\/\/france-isolation.com\/wp-content\/uploads\/2014\/10\/devis-flocage-contactez-nous.jpg\" alt=\"t1\" width=\"1000\" height=\"560\" srcset=\"https:\/\/france-isolation.com\/wp-content\/uploads\/2014\/10\/devis-flocage-contactez-nous.jpg 1000w, https:\/\/france-isolation.com\/wp-content\/uploads\/2014\/10\/devis-flocage-contactez-nous-300x168.jpg 300w, https:\/\/france-isolation.com\/wp-content\/uploads\/2014\/10\/devis-flocage-contactez-nous-768x430.jpg 768w, https:\/\/france-isolation.com\/wp-content\/uploads\/2014\/10\/devis-flocage-contactez-nous-555x311.jpg 555w, https:\/\/france-isolation.com\/wp-content\/uploads\/2014\/10\/devis-flocage-contactez-nous-600x336.jpg 600w\" sizes=\"auto, (max-width: 1000px) 100vw, 1000px\" \/><\/h4>\n<h5>SERVICE TELEPHONIQUE<\/h5>\n<p><em>Assistance et Conseil<\/em><\/p>\n<p>Vous pouvez nous contacter imm\u00e9diatement pour un projet urgent ou \u00e0 venir. Vous serez conseill\u00e9s utilement, ensemble nous trouverons les meilleures solutions ou mesures qui vous permettrons d'\u00e9conomiser du temps et de l'argent.<\/p>\n<\/div><\/div><\/div><div id=\"pgc-171-2-1\"  class=\"panel-grid-cell\" ><div id=\"panel-171-2-1-0\" class=\"so-panel widget widget_black-studio-tinymce widget_black_studio_tinymce panel-first-child panel-last-child\" data-index=\"4\" ><div class=\"textwidget\"><h4><img loading=\"lazy\" decoding=\"async\" class=\"alignnone size-full wp-image-2468\" src=\"http:\/\/france-isolation.com\/wp-content\/uploads\/2014\/10\/entreprise-de-flocage-bureau-etudes.jpg\" alt=\"t3\" width=\"1000\" height=\"560\" srcset=\"https:\/\/france-isolation.com\/wp-content\/uploads\/2014\/10\/entreprise-de-flocage-bureau-etudes.jpg 1000w, https:\/\/france-isolation.com\/wp-content\/uploads\/2014\/10\/entreprise-de-flocage-bureau-etudes-300x168.jpg 300w, https:\/\/france-isolation.com\/wp-content\/uploads\/2014\/10\/entreprise-de-flocage-bureau-etudes-768x430.jpg 768w, https:\/\/france-isolation.com\/wp-content\/uploads\/2014\/10\/entreprise-de-flocage-bureau-etudes-555x311.jpg 555w, https:\/\/france-isolation.com\/wp-content\/uploads\/2014\/10\/entreprise-de-flocage-bureau-etudes-600x336.jpg 600w\" sizes=\"auto, (max-width: 1000px) 100vw, 1000px\" \/><\/h4>\n<h5>BUREAU D'ETUDES TECHNIQUES<\/h5>\n<p><em>Analyses et Etudes sp\u00e9cifiques<\/em><\/p>\n<p>Les techniques \u00e9voluant chaque jour, nous disposons d'ing\u00e9nieurs techniques qualifi\u00e9s qui seront \u00e0 m\u00eame d'analyser les diverses configurations de vos chantiers afin d'obtenir des notes de calculs sp\u00e9cifiques et proposer des solutions ad\u00e9quates.<\/p>\n<\/div><\/div><\/div><div id=\"pgc-171-2-2\"  class=\"panel-grid-cell\" ><div id=\"panel-171-2-2-0\" class=\"so-panel widget widget_black-studio-tinymce widget_black_studio_tinymce panel-first-child panel-last-child\" data-index=\"5\" ><div class=\"textwidget\"><h4><img loading=\"lazy\" decoding=\"async\" class=\"alignnone size-full wp-image-2467\" src=\"http:\/\/france-isolation.com\/wp-content\/uploads\/2014\/10\/entreprise-de-flocage-commercial.jpg\" alt=\"t2\" width=\"1000\" height=\"560\" srcset=\"https:\/\/france-isolation.com\/wp-content\/uploads\/2014\/10\/entreprise-de-flocage-commercial.jpg 1000w, https:\/\/france-isolation.com\/wp-content\/uploads\/2014\/10\/entreprise-de-flocage-commercial-300x168.jpg 300w, https:\/\/france-isolation.com\/wp-content\/uploads\/2014\/10\/entreprise-de-flocage-commercial-768x430.jpg 768w, https:\/\/france-isolation.com\/wp-content\/uploads\/2014\/10\/entreprise-de-flocage-commercial-555x311.jpg 555w, https:\/\/france-isolation.com\/wp-content\/uploads\/2014\/10\/entreprise-de-flocage-commercial-600x336.jpg 600w\" sizes=\"auto, (max-width: 1000px) 100vw, 1000px\" \/><\/h4>\n<h5>SERVICE COMMERCIAL<\/h5>\n<p><em>Chiffrage et Suivi de Chantier<\/em><\/p>\n<p>Au sein de notre service\u00a0commercial, chaque charg\u00e9 d'affaires se charge de l'\u00e9tablissement des devis jusqu\u2019\u00e0 l'ach\u00e8vement des travaux. Cela permet d'avoir tout au long de votre chantier un seul interlocuteur.<\/p>\n<\/div><\/div><\/div><div id=\"pgc-171-2-3\"  class=\"panel-grid-cell\" ><div id=\"panel-171-2-3-0\" class=\"so-panel widget widget_black-studio-tinymce widget_black_studio_tinymce panel-first-child panel-last-child\" data-index=\"6\" ><div class=\"textwidget\"><h4><img loading=\"lazy\" decoding=\"async\" class=\"alignnone size-full wp-image-2471\" src=\"http:\/\/france-isolation.com\/wp-content\/uploads\/2014\/10\/entreprise-de-flocage-france1.jpg\" alt=\"t4\" width=\"1000\" height=\"560\" srcset=\"https:\/\/france-isolation.com\/wp-content\/uploads\/2014\/10\/entreprise-de-flocage-france1.jpg 1000w, https:\/\/france-isolation.com\/wp-content\/uploads\/2014\/10\/entreprise-de-flocage-france1-300x168.jpg 300w, https:\/\/france-isolation.com\/wp-content\/uploads\/2014\/10\/entreprise-de-flocage-france1-768x430.jpg 768w, https:\/\/france-isolation.com\/wp-content\/uploads\/2014\/10\/entreprise-de-flocage-france1-555x311.jpg 555w, https:\/\/france-isolation.com\/wp-content\/uploads\/2014\/10\/entreprise-de-flocage-france1-600x336.jpg 600w\" sizes=\"auto, (max-width: 1000px) 100vw, 1000px\" \/><\/h4>\n<h5>SERVICE ADMINISTRATIF<\/h5>\n<p><em>Documentation, Archivage...<\/em><\/p>\n<p>A la fin des chantiers nous vous fournissons les proc\u00e8s verbaux des produits utilis\u00e9s , attestation de mise en oeuvre, fiches techniques et documents annexes que vous fournirez \u00e0 l'administration pour justifier les r\u00e9sultats obtenus.<\/p>\n<\/div><\/div><\/div><\/div><\/div>","protected":false},"excerpt":{"rendered":"<p>FRANCE ISOLATION est implant\u00e9e au c\u0153ur de la r\u00e9gion parisienne, elle a pour sp\u00e9cialit\u00e9\u00a0la protection\u00a0 Par Flocage Coupe Feu &#8211; Thermique &#8211; Acoustique et Anti Condensation par projection de laine de roche, de laine de laitier, de mortier d&rsquo;enduit et pl\u00e2tre. &nbsp; Les diff\u00e9rents proc\u00e9d\u00e9s de flocage projet\u00e9s que nous avons d\u00e9velopp\u00e9 permettent de proposer &hellip;<\/p>\n","protected":false},"author":1,"featured_media":0,"parent":0,"menu_order":0,"comment_status":"closed","ping_status":"closed","template":"","meta":{"footnotes":""},"class_list":["post-171","page","type-page","status-publish","hentry"],"_links":{"self":[{"href":"https:\/\/france-isolation.com\/index.php?rest_route=\/wp\/v2\/pages\/171","targetHints":{"allow":["GET"]}}],"collection":[{"href":"https:\/\/france-isolation.com\/index.php?rest_route=\/wp\/v2\/pages"}],"about":[{"href":"https:\/\/france-isolation.com\/index.php?rest_route=\/wp\/v2\/types\/page"}],"author":[{"embeddable":true,"href":"https:\/\/france-isolation.com\/index.php?rest_route=\/wp\/v2\/users\/1"}],"replies":[{"embeddable":true,"href":"https:\/\/france-isolation.com\/index.php?rest_route=%2Fwp%2Fv2%2Fcomments&post=171"}],"version-history":[{"count":54,"href":"https:\/\/france-isolation.com\/index.php?rest_route=\/wp\/v2\/pages\/171\/revisions"}],"predecessor-version":[{"id":3316,"href":"https:\/\/france-isolation.com\/index.php?rest_route=\/wp\/v2\/pages\/171\/revisions\/3316"}],"wp:attachment":[{"href":"https:\/\/france-isolation.com\/index.php?rest_route=%2Fwp%2Fv2%2Fmedia&parent=171"}],"curies":[{"name":"wp","href":"https:\/\/api.w.org\/{rel}","templated":true}]}}